{"id":168,"date":"2024-12-13T01:12:26","date_gmt":"2024-12-13T01:12:26","guid":{"rendered":"https:\/\/abogadobarrios.com\/?page_id=168"},"modified":"2024-12-24T00:53:19","modified_gmt":"2024-12-24T00:53:19","slug":"asuntos-familiares","status":"publish","type":"page","link":"https:\/\/abogadobarriosmx.com\/?page_id=168","title":{"rendered":"ASUNTOS FAMILIARES"},"content":{"rendered":"\t\t<div data-elementor-type=\"wp-page\" data-elementor-id=\"168\" class=\"elementor elementor-168\">\n\t\t\t\t<div class=\"elementor-element elementor-element-3d4d29a e-flex e-con-boxed e-con e-parent\" data-id=\"3d4d29a\" data-element_type=\"container\">\n\t\t\t\t\t<div class=\"e-con-inner\">\n\t\t\t\t<div class=\"elementor-element elementor-element-d02c741 elementor-widget elementor-widget-text-editor\" data-id=\"d02c741\" data-element_type=\"widget\" data-widget_type=\"text-editor.default\">\n\t\t\t\t<div class=\"elementor-widget-container\">\n\t\t\t\t\t\t\t\t\t<p><img decoding=\"async\" class=\"alignnone wp-image-488\" src=\"https:\/\/abogadobarrios.com\/wp-content\/uploads\/2024\/12\/generatedtext-300x47.png\" alt=\"\" width=\"377\" height=\"59\" srcset=\"https:\/\/abogadobarriosmx.com\/wp-content\/uploads\/2024\/12\/generatedtext-300x47.png 300w, https:\/\/abogadobarriosmx.com\/wp-content\/uploads\/2024\/12\/generatedtext-768x120.png 768w, https:\/\/abogadobarriosmx.com\/wp-content\/uploads\/2024\/12\/generatedtext.png 850w\" sizes=\"(max-width: 377px) 100vw, 377px\" \/><\/p><p><span style=\"color: #000000\">El derecho familiar es una rama del derecho que se encarga de regular las relaciones personales y patrimoniales entre los miembros de una familia. Su objetivo principal es proteger los derechos e intereses de los individuos dentro del n\u00facleo familiar, asegurando un equilibrio y armon\u00eda en las relaciones familiares.<\/span><\/p><p><span style=\"color: #000000\">Las controversias del orden familiar son disputas legales que surgen dentro del \u00e1mbito del derecho familiar y que generalmente involucran a miembros de una familia. Estas controversias pueden abarcar una amplia variedad de temas, todos relacionados con las relaciones personales y patrimoniales dentro del n\u00facleo familiar.<\/span><\/p>\t\t\t\t\t\t\t\t<\/div>\n\t\t\t\t<\/div>\n\t\t\t\t\t<\/div>\n\t\t\t\t<\/div>\n\t\t<div class=\"elementor-element elementor-element-b824d12 e-flex e-con-boxed e-con e-parent\" data-id=\"b824d12\" data-element_type=\"container\">\n\t\t\t\t\t<div class=\"e-con-inner\">\n\t\t\t\t<div class=\"elementor-element elementor-element-e8e403f elementor-widget elementor-widget-text-editor\" data-id=\"e8e403f\" data-element_type=\"widget\" data-widget_type=\"text-editor.default\">\n\t\t\t\t<div class=\"elementor-widget-container\">\n\t\t\t\t\t\t\t\t\t<p style=\"text-align: center\"><strong><span style=\"color: #000000\">NUESTROS <\/span><span style=\"color: #3366ff\">SERVICIOS<\/span><\/strong><\/p>\t\t\t\t\t\t\t\t<\/div>\n\t\t\t\t<\/div>\n\t\t\t\t\t<\/div>\n\t\t\t\t<\/div>\n\t\t<div class=\"elementor-element elementor-element-fd9e975 e-flex e-con-boxed e-con e-parent\" data-id=\"fd9e975\" data-element_type=\"container\">\n\t\t\t\t\t<div class=\"e-con-inner\">\n\t\t\t\t<div class=\"elementor-element elementor-element-997067a elementor-widget-divider--separator-type-pattern elementor-widget-divider--view-line elementor-widget elementor-widget-divider\" data-id=\"997067a\" data-element_type=\"widget\" data-widget_type=\"divider.default\">\n\t\t\t\t<div class=\"elementor-widget-container\">\n\t\t\t\t\t\t\t<div class=\"elementor-divider\" style=\"--divider-pattern-url: url(&quot;data:image\/svg+xml,%3Csvg xmlns=&#039;http:\/\/www.w3.org\/2000\/svg&#039; preserveAspectRatio=&#039;none&#039; overflow=&#039;visible&#039; height=&#039;100%&#039; viewBox=&#039;0 0 24 24&#039; fill=&#039;none&#039; stroke=&#039;black&#039; stroke-width=&#039;2.8&#039; stroke-linecap=&#039;square&#039; stroke-miterlimit=&#039;10&#039;%3E%3Cpath d=&#039;M0,6c6,0,6,13,12,13S18,6,24,6&#039;\/%3E%3C\/svg%3E&quot;);\">\n\t\t\t<span class=\"elementor-divider-separator\">\n\t\t\t\t\t\t<\/span>\n\t\t<\/div>\n\t\t\t\t\t\t<\/div>\n\t\t\t\t<\/div>\n\t\t\t\t\t<\/div>\n\t\t\t\t<\/div>\n\t\t<div class=\"elementor-element elementor-element-6286278 e-grid e-con-boxed e-con e-parent\" data-id=\"6286278\" data-element_type=\"container\">\n\t\t\t\t\t<div class=\"e-con-inner\">\n\t\t\t\t<div class=\"elementor-element elementor-element-de46d8f elementor-widget elementor-widget-text-editor\" data-id=\"de46d8f\" data-element_type=\"widget\" data-widget_type=\"text-editor.default\">\n\t\t\t\t<div class=\"elementor-widget-container\">\n\t\t\t\t\t\t\t\t\t<h4 style=\"text-align: center\"><span style=\"text-decoration: underline\"><span style=\"color: #800000\"><strong>DIVORCIO INCAUSADO<\/strong><\/span><\/span><\/h4><div id=\"q6NJQfzvu5QDedZqkNMGU-user-message\" role=\"article\" data-tabster=\"{&quot;groupper&quot;:{&quot;tabbability&quot;:2},&quot;focusable&quot;:{}}\" aria-labelledby=\"q6NJQfzvu5QDedZqkNMGU-user-message\"><div class=\"flex w-full flex-col items-end\" data-content=\"user-message\"><span style=\"color: #000000\">El divorcio incausado, tambi\u00e9n conocido como &#8220;divorcio sin causa&#8221; o &#8220;divorcio sin expresi\u00f3n de causa&#8221;, es un tipo de divorcio en el cual uno o ambos c\u00f3nyuges solicitan la disoluci\u00f3n del matrimonio sin necesidad de justificar o demostrar una causa espec\u00edfica para ello.<\/span><\/div><\/div>\t\t\t\t\t\t\t\t<\/div>\n\t\t\t\t<\/div>\n\t\t\t\t<div class=\"elementor-element elementor-element-4022496 elementor-widget elementor-widget-text-editor\" data-id=\"4022496\" data-element_type=\"widget\" data-widget_type=\"text-editor.default\">\n\t\t\t\t<div class=\"elementor-widget-container\">\n\t\t\t\t\t\t\t\t\t<h4 style=\"text-align: center\"><span style=\"text-decoration: underline\"><span style=\"color: #333333\"><strong>DIVORCIO POR MUTUO CONSENTIMIENTO<\/strong><\/span><\/span><\/h4><p><span style=\"color: #000000\">Es un tipo de divorcio en el cual ambos c\u00f3nyuges acuerdan voluntariamente y de manera conjunta poner fin a su matrimonio.<\/span><\/p>\t\t\t\t\t\t\t\t<\/div>\n\t\t\t\t<\/div>\n\t\t\t\t<div class=\"elementor-element elementor-element-ec472ca elementor-widget elementor-widget-text-editor\" data-id=\"ec472ca\" data-element_type=\"widget\" data-widget_type=\"text-editor.default\">\n\t\t\t\t<div class=\"elementor-widget-container\">\n\t\t\t\t\t\t\t\t\t<h4 style=\"text-align: center\"><span style=\"text-decoration: underline;color: #3366ff\"><strong>DISOLUCI\u00d3N DE SOCIEDAD CONYUGAL<\/strong><\/span><\/h4><p><span style=\"color: #000000\">Es el proceso legal mediante el cual se termina el r\u00e9gimen econ\u00f3mico de la sociedad conyugal que los c\u00f3nyuges establecieron al casarse. En este r\u00e9gimen, los bienes adquiridos durante el matrimonio se consideran propiedad com\u00fan de ambos c\u00f3nyuges. Puede demandarla quien ya no desee formar parte total o parcial sin recurrir al divorcio.<\/span><\/p>\t\t\t\t\t\t\t\t<\/div>\n\t\t\t\t<\/div>\n\t\t\t\t\t<\/div>\n\t\t\t\t<\/div>\n\t\t<div class=\"elementor-element elementor-element-261a3a5 e-grid e-con-boxed e-con e-parent\" data-id=\"261a3a5\" data-element_type=\"container\">\n\t\t\t\t\t<div class=\"e-con-inner\">\n\t\t\t\t<div class=\"elementor-element elementor-element-46c273f elementor-widget elementor-widget-text-editor\" data-id=\"46c273f\" data-element_type=\"widget\" data-widget_type=\"text-editor.default\">\n\t\t\t\t<div class=\"elementor-widget-container\">\n\t\t\t\t\t\t\t\t\t<h4 style=\"text-align: center\"><span style=\"text-decoration: underline;color: #3366ff\"><strong>PENSI\u00d3N ALIMENTICIA<\/strong><\/span><\/h4><p><span style=\"color: #000000\">La pensi\u00f3n alimenticia es una obligaci\u00f3n legal que implica proporcionar los recursos necesarios para el sustento, educaci\u00f3n y desarrollo integral de personas que, por su situaci\u00f3n, no pueden obtenerlos por s\u00ed mismas. Esta obligaci\u00f3n generalmente recae en los padres respecto a sus hijos menores de edad, aunque tambi\u00e9n puede extenderse a otros familiares en situaciones espec\u00edficas.<\/span><\/p><h3>\u00a0<\/h3>\t\t\t\t\t\t\t\t<\/div>\n\t\t\t\t<\/div>\n\t\t\t\t<div class=\"elementor-element elementor-element-181f65a elementor-widget elementor-widget-text-editor\" data-id=\"181f65a\" data-element_type=\"widget\" data-widget_type=\"text-editor.default\">\n\t\t\t\t<div class=\"elementor-widget-container\">\n\t\t\t\t\t\t\t\t\t<h4 style=\"text-align: center\"><span style=\"text-decoration: underline\"><strong>GUARDA Y COSTODIA<\/strong><\/span><\/h4><p><span style=\"color: #000000\">Se refiere a los derechos y responsabilidades legales sobre el cuidado y la crianza de los hijos menores de edad. En t\u00e9rminos generales, implica la decisi\u00f3n sobre qui\u00e9n vivir\u00e1 con los hijos y c\u00f3mo se manejar\u00e1n las cuestiones relacionadas con su bienestar diario. Existen diferentes modalidades de guarda y custodia, y su otorgamiento depende de diversos factores, siempre buscando el inter\u00e9s superior del menor.<\/span><\/p>\t\t\t\t\t\t\t\t<\/div>\n\t\t\t\t<\/div>\n\t\t\t\t<div class=\"elementor-element elementor-element-07759f5 elementor-widget elementor-widget-text-editor\" data-id=\"07759f5\" data-element_type=\"widget\" data-widget_type=\"text-editor.default\">\n\t\t\t\t<div class=\"elementor-widget-container\">\n\t\t\t\t\t\t\t\t\t<p style=\"text-align: center\"><span style=\"text-decoration: underline\"><strong><span style=\"color: #800000;text-decoration: underline\">REGIMEN DE CONVIVENCIAS<\/span><\/strong><\/span><\/p><p><span style=\"color: #000000\">El r\u00e9gimen de convivencias es un acuerdo legal que establece los t\u00e9rminos y condiciones bajo los cuales un progenitor no custodio puede pasar tiempo con sus hijos menores de edad. Este r\u00e9gimen se dise\u00f1a para asegurar que los hijos mantengan una relaci\u00f3n continua y significativa con ambos padres, incluso despu\u00e9s de una separaci\u00f3n o divorcio.<\/span><\/p><h3>\u00a0<\/h3>\t\t\t\t\t\t\t\t<\/div>\n\t\t\t\t<\/div>\n\t\t\t\t\t<\/div>\n\t\t\t\t<\/div>\n\t\t<div class=\"elementor-element elementor-element-5304f2f e-grid e-con-boxed e-con e-parent\" data-id=\"5304f2f\" data-element_type=\"container\">\n\t\t\t\t\t<div class=\"e-con-inner\">\n\t\t\t\t<div class=\"elementor-element elementor-element-304b32a elementor-widget elementor-widget-text-editor\" data-id=\"304b32a\" data-element_type=\"widget\" data-widget_type=\"text-editor.default\">\n\t\t\t\t<div class=\"elementor-widget-container\">\n\t\t\t\t\t\t\t\t\t<h4 style=\"text-align: center\"><span style=\"text-decoration: underline;color: #800000\"><strong>RECONOCIMIENTO DE PATERNIDAD<\/strong><\/span><\/h4><p><span style=\"color: #000000\">El reconocimiento de paternidad es un proceso legal mediante el cual se establece la relaci\u00f3n de paternidad entre un padre biol\u00f3gico y su hijo, proporcionando al hijo todos los derechos y responsabilidades que derivan de este v\u00ednculo. Este reconocimiento puede realizarse de manera voluntaria o a trav\u00e9s de un proceso judicial.<\/span><\/p><h3>\u00a0<\/h3>\t\t\t\t\t\t\t\t<\/div>\n\t\t\t\t<\/div>\n\t\t\t\t<div class=\"elementor-element elementor-element-14e34c9 elementor-widget elementor-widget-text-editor\" data-id=\"14e34c9\" data-element_type=\"widget\" data-widget_type=\"text-editor.default\">\n\t\t\t\t<div class=\"elementor-widget-container\">\n\t\t\t\t\t\t\t\t\t<h4 style=\"text-align: center\"><span style=\"text-decoration: underline\"><strong><span style=\"color: #000000;text-decoration: underline\">DESCONOCIMIENTO DE PATERNIDAD<\/span><\/strong><\/span><\/h4><p><span style=\"color: #000000\">El desconocimiento de paternidad es un proceso legal mediante el cual un hombre busca anular el reconocimiento legal de un hijo como suyo, argumentando que no es el padre biol\u00f3gico. Este procedimiento puede ser complejo. <\/span><\/p>\t\t\t\t\t\t\t\t<\/div>\n\t\t\t\t<\/div>\n\t\t\t\t<div class=\"elementor-element elementor-element-3d92f8e elementor-widget elementor-widget-text-editor\" data-id=\"3d92f8e\" data-element_type=\"widget\" data-widget_type=\"text-editor.default\">\n\t\t\t\t<div class=\"elementor-widget-container\">\n\t\t\t\t\t\t\t\t\t<h4 style=\"text-align: center\"><span style=\"text-decoration: underline\"><strong><span style=\"color: #3366ff;text-decoration: underline\">PERDIDA DE PATRIA POTESTAD<\/span><\/strong><\/span><\/h4><p><span style=\"color: #000000\">La p\u00e9rdida de patria potestad es un proceso legal mediante el cual se revocan los derechos y obligaciones de un padre o madre sobre su hijo menor de edad. Este proceso se lleva a cabo en situaciones graves donde se considera que el progenitor no est\u00e1 cumpliendo adecuadamente con sus deberes y responsabilidades hacia el bienestar del ni\u00f1o.<\/span><\/p>\t\t\t\t\t\t\t\t<\/div>\n\t\t\t\t<\/div>\n\t\t\t\t\t<\/div>\n\t\t\t\t<\/div>\n\t\t<div class=\"elementor-element elementor-element-f723ee6 e-flex e-con-boxed e-con e-parent\" data-id=\"f723ee6\" data-element_type=\"container\">\n\t\t\t\t\t<div class=\"e-con-inner\">\n\t\t\t\t<div class=\"elementor-element elementor-element-5817d72 elementor-widget elementor-widget-text-editor\" data-id=\"5817d72\" data-element_type=\"widget\" data-widget_type=\"text-editor.default\">\n\t\t\t\t<div class=\"elementor-widget-container\">\n\t\t\t\t\t\t\t\t\t<p><span style=\"color: #000000\">Es un placer poder brindarles nuestros servicios jur\u00eddicos que pueden ayudarle a resolver las controversias del \u00f3rden familiar y proteger sus intereses.<\/span><\/p><p><span style=\"color: #000000\">Si desea contratar nuestros servicios jur\u00eddicios puede enviarnos un mensaje de WhatsApp <a href=\"https:\/\/api.whatsapp.com\/send?phone=+12878810851&amp;text=%C2%A1Hola%20Abogado%20Barrios!%20Necesito%20de%20su%20ayuda%20en%20un%20asunto%20Familiar.\"><img decoding=\"async\" class=\"alignnone  wp-image-104\" src=\"https:\/\/abogadobarrios.com\/wp-content\/uploads\/2024\/11\/WhatsAppButtonGreenSmall-300x68.png\" alt=\"\" width=\"212\" height=\"48\" srcset=\"https:\/\/abogadobarriosmx.com\/wp-content\/uploads\/2024\/11\/WhatsAppButtonGreenSmall-300x68.png 300w, https:\/\/abogadobarriosmx.com\/wp-content\/uploads\/2024\/11\/WhatsAppButtonGreenSmall.png 320w\" sizes=\"(max-width: 212px) 100vw, 212px\" \/><\/a><br \/>o llamar al: 287 881 0851<\/span><\/p>\t\t\t\t\t\t\t\t<\/div>\n\t\t\t\t<\/div>\n\t\t\t\t\t<\/div>\n\t\t\t\t<\/div>\n\t\t\t\t<\/div>\n\t\t","protected":false},"excerpt":{"rendered":"<p>El derecho familiar es una rama del derecho que se encarga de regular las relaciones personales y patrimoniales entre los miembros de una familia. Su objetivo principal es proteger los &#8230;<\/p>\n","protected":false},"author":1,"featured_media":0,"parent":0,"menu_order":0,"comment_status":"closed","ping_status":"closed","template":"template-fullwidth.php","meta":{"footnotes":""},"class_list":["post-168","page","type-page","status-publish","hentry"],"_links":{"self":[{"href":"https:\/\/abogadobarriosmx.com\/index.php?rest_route=\/wp\/v2\/pages\/168","targetHints":{"allow":["GET"]}}],"collection":[{"href":"https:\/\/abogadobarriosmx.com\/index.php?rest_route=\/wp\/v2\/pages"}],"about":[{"href":"https:\/\/abogadobarriosmx.com\/index.php?rest_route=\/wp\/v2\/types\/page"}],"author":[{"embeddable":true,"href":"https:\/\/abogadobarriosmx.com\/index.php?rest_route=\/wp\/v2\/users\/1"}],"replies":[{"embeddable":true,"href":"https:\/\/abogadobarriosmx.com\/index.php?rest_route=%2Fwp%2Fv2%2Fcomments&post=168"}],"version-history":[{"count":97,"href":"https:\/\/abogadobarriosmx.com\/index.php?rest_route=\/wp\/v2\/pages\/168\/revisions"}],"predecessor-version":[{"id":831,"href":"https:\/\/abogadobarriosmx.com\/index.php?rest_route=\/wp\/v2\/pages\/168\/revisions\/831"}],"wp:attachment":[{"href":"https:\/\/abogadobarriosmx.com\/index.php?rest_route=%2Fwp%2Fv2%2Fmedia&parent=168"}],"curies":[{"name":"wp","href":"https:\/\/api.w.org\/{rel}","templated":true}]}}