{"id":238,"date":"2024-12-19T23:20:25","date_gmt":"2024-12-19T23:20:25","guid":{"rendered":"https:\/\/abogadobarrios.com\/?page_id=238"},"modified":"2024-12-23T23:35:38","modified_gmt":"2024-12-23T23:35:38","slug":"asesoria-especializada-laboral","status":"publish","type":"page","link":"https:\/\/abogadobarriosmx.com\/?page_id=238","title":{"rendered":"ASESOR\u00cdA ESPECIALIZADA LABORAL"},"content":{"rendered":"\t\t<div data-elementor-type=\"wp-page\" data-elementor-id=\"238\" class=\"elementor elementor-238\">\n\t\t\t\t<div class=\"elementor-element elementor-element-02d162e e-flex e-con-boxed e-con e-parent\" data-id=\"02d162e\" data-element_type=\"container\">\n\t\t\t\t\t<div class=\"e-con-inner\">\n\t\t\t\t<div class=\"elementor-element elementor-element-23b455d elementor-widget elementor-widget-text-editor\" data-id=\"23b455d\" data-element_type=\"widget\" data-widget_type=\"text-editor.default\">\n\t\t\t\t<div class=\"elementor-widget-container\">\n\t\t\t\t\t\t\t\t\t<p><img fetchpriority=\"high\" decoding=\"async\" class=\"alignnone  wp-image-538\" src=\"https:\/\/abogadobarrios.com\/wp-content\/uploads\/2024\/12\/materia-laboral-300x72.png\" alt=\"\" width=\"533\" height=\"128\" srcset=\"https:\/\/abogadobarriosmx.com\/wp-content\/uploads\/2024\/12\/materia-laboral-300x72.png 300w, https:\/\/abogadobarriosmx.com\/wp-content\/uploads\/2024\/12\/materia-laboral-1024x246.png 1024w, https:\/\/abogadobarriosmx.com\/wp-content\/uploads\/2024\/12\/materia-laboral-768x185.png 768w, https:\/\/abogadobarriosmx.com\/wp-content\/uploads\/2024\/12\/materia-laboral.png 1529w\" sizes=\"(max-width: 533px) 100vw, 533px\" \/><\/p><p><span style=\"color: #000000\">En el din\u00e1mico y complejo mundo laboral, contar con una asesor\u00eda jur\u00eddica especializada es esencial para garantizar el cumplimiento de las normativas y proteger tanto a los patrones y a los trabajadores. Nuestros servicios jur\u00eddicos laborales est\u00e1n dise\u00f1ados para ofrecer soluciones integrales y estrategias que aseguren la correcta gesti\u00f3n de las relaciones laborales acorde a sus necesidades.<\/span><\/p><p><span style=\"color: #000000\">No importa el tama\u00f1o de la empresa o negocio (peque\u00f1o, mediano o una empresa grande), tanto trabajadores y patrones tienen derechos que deben ser respetados y protegidos, este equilibrio es crucial para fomentar un entorno laboral justo y productivo.<\/span><\/p><p><span style=\"color: #000000\">Usted, en cualquier momento puede contratar nuestros servicios jur\u00eddicos, para mayor facilidad hemos implementado una breve descripci\u00f3n de cada uno de ellos y abajo un enlace al Chat de WhatsApp que le redirigir\u00e1 a cada uno de los servicios a contratar.\u00a0<\/span><\/p><hr \/><h6>\u00a0<\/h6><h1 style=\"text-align: center\"><strong><span style=\"color: #000000\">NUESTROS<\/span> <span style=\"color: #3366ff\">SERVICIOS<\/span><\/strong><\/h1>\t\t\t\t\t\t\t\t<\/div>\n\t\t\t\t<\/div>\n\t\t\t\t\t<\/div>\n\t\t\t\t<\/div>\n\t\t<div class=\"elementor-element elementor-element-11b9392 e-flex e-con-boxed e-con e-parent\" data-id=\"11b9392\" data-element_type=\"container\">\n\t\t\t\t\t<div class=\"e-con-inner\">\n\t\t\t\t<div class=\"elementor-element elementor-element-ac76274 elementor-widget-divider--separator-type-pattern elementor-widget-divider--view-line elementor-widget elementor-widget-divider\" data-id=\"ac76274\" data-element_type=\"widget\" data-widget_type=\"divider.default\">\n\t\t\t\t<div class=\"elementor-widget-container\">\n\t\t\t\t\t\t\t<div class=\"elementor-divider\" style=\"--divider-pattern-url: url(&quot;data:image\/svg+xml,%3Csvg xmlns=&#039;http:\/\/www.w3.org\/2000\/svg&#039; preserveAspectRatio=&#039;none&#039; overflow=&#039;visible&#039; height=&#039;100%&#039; viewBox=&#039;0 0 24 24&#039; fill=&#039;none&#039; stroke=&#039;black&#039; stroke-width=&#039;2.2&#039; stroke-linecap=&#039;square&#039; stroke-miterlimit=&#039;10&#039;%3E%3Cpath d=&#039;M0,21c3.3,0,8.3-0.9,15.7-7.1c6.6-5.4,4.4-9.3,2.4-10.3c-3.4-1.8-7.7,1.3-7.3,8.8C11.2,20,17.1,21,24,21&#039;\/%3E%3C\/svg%3E&quot;);\">\n\t\t\t<span class=\"elementor-divider-separator\">\n\t\t\t\t\t\t<\/span>\n\t\t<\/div>\n\t\t\t\t\t\t<\/div>\n\t\t\t\t<\/div>\n\t\t\t\t\t<\/div>\n\t\t\t\t<\/div>\n\t\t<div class=\"elementor-element elementor-element-2ebec88 e-grid e-con-full e-con e-parent\" data-id=\"2ebec88\" data-element_type=\"container\">\n\t\t\t\t<div class=\"elementor-element elementor-element-e12493c elementor-widget elementor-widget-text-editor\" data-id=\"e12493c\" data-element_type=\"widget\" data-widget_type=\"text-editor.default\">\n\t\t\t\t<div class=\"elementor-widget-container\">\n\t\t\t\t\t\t\t\t\t<h5 style=\"text-align: center\"><strong><span style=\"color: #3366ff\">AUDITORIA LABORAL<\/span><\/strong><\/h5><p style=\"text-align: center\"><span style=\"color: #000000\">Una auditor\u00eda laboral es un proceso exhaustivo de revisi\u00f3n y an\u00e1lisis de las pr\u00e1cticas, pol\u00edticas y procedimientos laborales de una organizaci\u00f3n. Su objetivo principal es asegurar que la empresa cumpla con todas las leyes y regulaciones laborales vigentes, y a la vez identificar \u00e1reas de mejora en la gesti\u00f3n del personal.<br \/><br \/><\/span><\/p><p><a href=\"https:\/\/api.whatsapp.com\/send?phone=+12878810851&amp;text=%C2%A1Hola%20Abogado%20Barrios!%20Necesito%20sus%20servicios%20de%20Auditoria%20Laboral.\"><img decoding=\"async\" class=\"size-medium wp-image-104 aligncenter\" src=\"https:\/\/abogadobarrios.com\/wp-content\/uploads\/2024\/11\/WhatsAppButtonGreenSmall-300x68.png\" alt=\"\" width=\"300\" height=\"68\" srcset=\"https:\/\/abogadobarriosmx.com\/wp-content\/uploads\/2024\/11\/WhatsAppButtonGreenSmall-300x68.png 300w, https:\/\/abogadobarriosmx.com\/wp-content\/uploads\/2024\/11\/WhatsAppButtonGreenSmall.png 320w\" sizes=\"(max-width: 300px) 100vw, 300px\" \/><\/a><\/p>\t\t\t\t\t\t\t\t<\/div>\n\t\t\t\t<\/div>\n\t\t\t\t<div class=\"elementor-element elementor-element-b312ebf elementor-widget elementor-widget-text-editor\" data-id=\"b312ebf\" data-element_type=\"widget\" data-widget_type=\"text-editor.default\">\n\t\t\t\t<div class=\"elementor-widget-container\">\n\t\t\t\t\t\t\t\t\t<h5 style=\"text-align: center\"><span style=\"color: #333399\">CONTRATO INDIVIDUAL DE TRABAJO<\/span><\/h5><p style=\"text-align: center\"><span style=\"color: #000000\">Un contrato individual de trabajo es un acuerdo legal entre un empleador y un empleado en el cual se establecen las condiciones de la relaci\u00f3n laboral. Este documento detalla los derechos y obligaciones de ambas partes, asegurando claridad y cumplimiento legal.<br \/><br \/><br \/><\/span><\/p><p><a href=\"https:\/\/api.whatsapp.com\/send?phone=+12878810851&amp;text=%C2%A1Hola%20Abogado%20Barrios!%20Necesito%20sus%20servicios%20en%20la%20elaboraci%C3%B3n%20de%20un%20Contrato%20Individual%20de%20Trabajo.\"><img decoding=\"async\" class=\"size-medium wp-image-104 aligncenter\" src=\"https:\/\/abogadobarrios.com\/wp-content\/uploads\/2024\/11\/WhatsAppButtonGreenSmall-300x68.png\" alt=\"\" width=\"300\" height=\"68\" srcset=\"https:\/\/abogadobarriosmx.com\/wp-content\/uploads\/2024\/11\/WhatsAppButtonGreenSmall-300x68.png 300w, https:\/\/abogadobarriosmx.com\/wp-content\/uploads\/2024\/11\/WhatsAppButtonGreenSmall.png 320w\" sizes=\"(max-width: 300px) 100vw, 300px\" \/><\/a><\/p>\t\t\t\t\t\t\t\t<\/div>\n\t\t\t\t<\/div>\n\t\t\t\t<div class=\"elementor-element elementor-element-25bfbfd elementor-widget elementor-widget-text-editor\" data-id=\"25bfbfd\" data-element_type=\"widget\" data-widget_type=\"text-editor.default\">\n\t\t\t\t<div class=\"elementor-widget-container\">\n\t\t\t\t\t\t\t\t\t<h5 style=\"text-align: center\"><strong><span style=\"color: #3366ff\">CONTRATO COLECTIVO DE TRABAJO<\/span><\/strong><\/h5><p style=\"text-align: center\"><span style=\"color: #000000\">Es un contrato escrito y legal entre un patr\u00f3n y un sindicato que representa a los empleados. Este acuerdo es el resultado de un extenso proceso de negociaci\u00f3n que abarca temas esenciales como salarios, horas de trabajo, condiciones de empleo, etc.<br \/><br \/><br \/><\/span><\/p><p style=\"text-align: center\"><a href=\"https:\/\/api.whatsapp.com\/send?phone=+12878810851&amp;text=%C2%A1Hola%20Abogado%20Barrios!%20Necesito%20sus%20servicios%20en%20la%20elaboraci%C3%B3n%20de%20un%20Contrato%20Colectivo%20de%20Trabajo.\"><img decoding=\"async\" class=\"size-medium wp-image-104 aligncenter\" src=\"https:\/\/abogadobarrios.com\/wp-content\/uploads\/2024\/11\/WhatsAppButtonGreenSmall-300x68.png\" alt=\"\" width=\"300\" height=\"68\" srcset=\"https:\/\/abogadobarriosmx.com\/wp-content\/uploads\/2024\/11\/WhatsAppButtonGreenSmall-300x68.png 300w, https:\/\/abogadobarriosmx.com\/wp-content\/uploads\/2024\/11\/WhatsAppButtonGreenSmall.png 320w\" sizes=\"(max-width: 300px) 100vw, 300px\" \/><\/a><\/p>\t\t\t\t\t\t\t\t<\/div>\n\t\t\t\t<\/div>\n\t\t\t\t<div class=\"elementor-element elementor-element-08d701c elementor-widget elementor-widget-text-editor\" data-id=\"08d701c\" data-element_type=\"widget\" data-widget_type=\"text-editor.default\">\n\t\t\t\t<div class=\"elementor-widget-container\">\n\t\t\t\t\t\t\t\t\t<h5 style=\"text-align: center\"><span style=\"color: #003366\">ASESOR\u00cdA EN CONCILIACI\u00d3N PREJUDICIAL LABORAL<\/span><\/h5><p style=\"text-align: center\"><span style=\"color: #000000\">Es el primer paso <strong>despu\u00e9s de haber sido despedido injustificadamente<\/strong> de la fuente de trabajo para exigir que se cumplan sus derechos laborales. Le brindaremos la asesor\u00eda para solicitarla y a su vez prepararle para la conciliaci\u00f3n.<\/span><\/p><hr \/><p style=\"text-align: center\"><span style=\"color: #000000\"><strong><br \/>\u00bfEs un patr\u00f3n o una empresa y recibio un citatorio?<\/strong> Podemos brindarle la asesor\u00eda y el servicio de representaci\u00f3n en la Audiencia de Conciliaci\u00f3n Prejudicial Laboral.<\/span><\/p><p>\u00a0<\/p><p><a href=\"https:\/\/api.whatsapp.com\/send?phone=+12878810851&amp;text=%C2%A1Hola%20Abogado%20Barrios!%20Necesito%20sus%20servicios%20para%20Conciliaci%C3%B3n%20Prejudicial%20Laboral.\"><img decoding=\"async\" class=\"size-medium wp-image-104 aligncenter\" src=\"https:\/\/abogadobarrios.com\/wp-content\/uploads\/2024\/11\/WhatsAppButtonGreenSmall-300x68.png\" alt=\"\" width=\"300\" height=\"68\" srcset=\"https:\/\/abogadobarriosmx.com\/wp-content\/uploads\/2024\/11\/WhatsAppButtonGreenSmall-300x68.png 300w, https:\/\/abogadobarriosmx.com\/wp-content\/uploads\/2024\/11\/WhatsAppButtonGreenSmall.png 320w\" sizes=\"(max-width: 300px) 100vw, 300px\" \/><\/a><\/p>\t\t\t\t\t\t\t\t<\/div>\n\t\t\t\t<\/div>\n\t\t\t\t<div class=\"elementor-element elementor-element-42315b9 elementor-widget elementor-widget-text-editor\" data-id=\"42315b9\" data-element_type=\"widget\" data-widget_type=\"text-editor.default\">\n\t\t\t\t<div class=\"elementor-widget-container\">\n\t\t\t\t\t\t\t\t\t<h5 style=\"text-align: center\"><span style=\"color: #3366ff\"><strong>REPRESENTACI\u00d3N LEGAL EN<br \/>JUICIOS LABORALES<\/strong><\/span><\/h5><p style=\"text-align: center\"><span style=\"color: #000000\">La representaci\u00f3n legal en juicios laborales es fundamental para garantizar que los derechos de las partes involucradas, ya sean empleados o patrones, sean debidamente protegidos y defendidos durante todo el proceso.<\/span><\/p><p style=\"text-align: center\"><span style=\"color: #000000\">En caso de haber realizado la Conciliaci\u00f3n Prejudicial Laboral sin el respaldo de un abogado, podemos brindarte la asesor\u00eda e intervenci\u00f3n para defender tus derechos como trabajador o como patr\u00f3n.<br \/><br \/><\/span><\/p><p><a href=\"https:\/\/api.whatsapp.com\/send?phone=+12878810851&amp;text=%C2%A1Hola%20Abogado%20Barrios!%20Quiero%20contratar%20sus%20servicios%20para%20que%20me%20represente%20en%20un%20Juicio%20Laboral.\"><img decoding=\"async\" class=\"size-medium wp-image-104 aligncenter\" src=\"https:\/\/abogadobarrios.com\/wp-content\/uploads\/2024\/11\/WhatsAppButtonGreenSmall-300x68.png\" alt=\"\" width=\"300\" height=\"68\" srcset=\"https:\/\/abogadobarriosmx.com\/wp-content\/uploads\/2024\/11\/WhatsAppButtonGreenSmall-300x68.png 300w, https:\/\/abogadobarriosmx.com\/wp-content\/uploads\/2024\/11\/WhatsAppButtonGreenSmall.png 320w\" sizes=\"(max-width: 300px) 100vw, 300px\" \/><\/a><\/p>\t\t\t\t\t\t\t\t<\/div>\n\t\t\t\t<\/div>\n\t\t\t\t<div class=\"elementor-element elementor-element-5d85a5b elementor-widget elementor-widget-text-editor\" data-id=\"5d85a5b\" data-element_type=\"widget\" data-widget_type=\"text-editor.default\">\n\t\t\t\t<div class=\"elementor-widget-container\">\n\t\t\t\t\t\t\t\t\t<h5 style=\"text-align: center\"><span style=\"color: #3366ff\"><strong><span style=\"color: #003366\">ASESOR\u00cdA PARA DESPIDO JUSTIFICADO<\/span><br \/><\/strong><\/span><\/h5><p style=\"text-align: center\"><span style=\"color: #000000\">El despido justificado es la terminaci\u00f3n de la relaci\u00f3n laboral por parte del patr\u00f3n hacia el trabajador debido a causas espec\u00edficas atribuidas al comportamiento o desempe\u00f1o del empleado que constituyen una violaci\u00f3n grave de sus obligaciones laborales.<\/span><\/p><p style=\"text-align: center\"><span style=\"color: #000000\">Para llevar a cabo un despido justificado, el patr\u00f3n debe seguir ciertos procedimientos legales para asegurarse de que el despido sea v\u00e1lido y evitar posibles demandas laborales.<br \/><br \/><\/span><\/p><p style=\"text-align: center\"><a href=\"https:\/\/api.whatsapp.com\/send?phone=+12878810851&amp;text=%C2%A1Hola%20Abogado%20Barrios!%20Quiero%20contratar%20sus%20servicios%20para%20Despido%20Justificado.\"><img decoding=\"async\" class=\"alignnone size-medium wp-image-104\" src=\"https:\/\/abogadobarrios.com\/wp-content\/uploads\/2024\/11\/WhatsAppButtonGreenSmall-300x68.png\" alt=\"\" width=\"300\" height=\"68\" srcset=\"https:\/\/abogadobarriosmx.com\/wp-content\/uploads\/2024\/11\/WhatsAppButtonGreenSmall-300x68.png 300w, https:\/\/abogadobarriosmx.com\/wp-content\/uploads\/2024\/11\/WhatsAppButtonGreenSmall.png 320w\" sizes=\"(max-width: 300px) 100vw, 300px\" \/><\/a><\/p>\t\t\t\t\t\t\t\t<\/div>\n\t\t\t\t<\/div>\n\t\t\t\t<div class=\"elementor-element elementor-element-c5b0eff elementor-widget elementor-widget-text-editor\" data-id=\"c5b0eff\" data-element_type=\"widget\" data-widget_type=\"text-editor.default\">\n\t\t\t\t<div class=\"elementor-widget-container\">\n\t\t\t\t\t\t\t\t\t<h5>\u00a0<\/h5><h5 style=\"text-align: center\"><span style=\"color: #3366ff\"><strong>ASESOR\u00cdA POR DESPIDO INJUSTIFICADO<\/strong><\/span><\/h5><p style=\"text-align: center\"><span style=\"color: #000000\">El despido injustificado es la terminaci\u00f3n de la relaci\u00f3n laboral por parte del patr\u00f3n hacia el trabajador sin una causa justificada o sin seguir el procedimiento legalmente establecido. En otras palabras, es un despido que no cumple con los requisitos legales necesarios para ser considerado justificado. Este tipo de despido puede dar lugar a diversas reclamaciones y derechos por parte del empleado afectado.<\/span><\/p><p><br \/><a href=\"https:\/\/api.whatsapp.com\/send?phone=+12878810851&amp;text=%C2%A1Hola%20Abogado%20Barrios!%20Quiero%20contratar%20sus%20servicios%20para%20Despido%20Injustificado.\"><img loading=\"lazy\" decoding=\"async\" class=\"alignnone size-medium wp-image-104 aligncenter\" src=\"https:\/\/abogadobarrios.com\/wp-content\/uploads\/2024\/11\/WhatsAppButtonGreenSmall-300x68.png\" alt=\"\" width=\"300\" height=\"68\" srcset=\"https:\/\/abogadobarriosmx.com\/wp-content\/uploads\/2024\/11\/WhatsAppButtonGreenSmall-300x68.png 300w, https:\/\/abogadobarriosmx.com\/wp-content\/uploads\/2024\/11\/WhatsAppButtonGreenSmall.png 320w\" sizes=\"(max-width: 300px) 100vw, 300px\" \/><\/a><\/p>\t\t\t\t\t\t\t\t<\/div>\n\t\t\t\t<\/div>\n\t\t\t\t<div class=\"elementor-element elementor-element-f928c94 elementor-widget elementor-widget-text-editor\" data-id=\"f928c94\" data-element_type=\"widget\" data-widget_type=\"text-editor.default\">\n\t\t\t\t<div class=\"elementor-widget-container\">\n\t\t\t\t\t\t\t\t\t<h5>\u00a0<\/h5><h5 style=\"text-align: center\"><span style=\"color: #003366\"><strong>C\u00c1LCULO DE PRESTACIONES LABORALES<\/strong><\/span><\/h5><p style=\"text-align: center\"><span style=\"color: #000000\">El c\u00e1lculo de prestaciones laborales consiste en determinar los montos que un patr\u00f3ndebe pagar a un empleado en funci\u00f3n de los derechos y beneficios acumulados durante su per\u00edodo de trabajo. Estos c\u00e1lculos se realizan al finalizar la relaci\u00f3n laboral, ya sea por despido, renuncia o jubilaci\u00f3n, y aseguran que el empleado reciba todos los beneficios a los que tiene derecho conforme a la ley.<br \/><br \/><\/span><\/p><p><a href=\"https:\/\/api.whatsapp.com\/send?phone=+12878810851&amp;text=%C2%A1Hola%20Abogado%20Barrios!%20Quiero%20contratar%20sus%20servicios%20para%20que%20me%20realice%20el%20c%C3%A1lculo%20de%20prestaciones%20laborales.\"><img decoding=\"async\" class=\"size-medium wp-image-104 aligncenter\" src=\"https:\/\/abogadobarrios.com\/wp-content\/uploads\/2024\/11\/WhatsAppButtonGreenSmall-300x68.png\" alt=\"\" width=\"300\" height=\"68\" srcset=\"https:\/\/abogadobarriosmx.com\/wp-content\/uploads\/2024\/11\/WhatsAppButtonGreenSmall-300x68.png 300w, https:\/\/abogadobarriosmx.com\/wp-content\/uploads\/2024\/11\/WhatsAppButtonGreenSmall.png 320w\" sizes=\"(max-width: 300px) 100vw, 300px\" \/><\/a><\/p><h3>\u00a0<\/h3>\t\t\t\t\t\t\t\t<\/div>\n\t\t\t\t<\/div>\n\t\t\t\t<div class=\"elementor-element elementor-element-692d5e2 elementor-widget elementor-widget-text-editor\" data-id=\"692d5e2\" data-element_type=\"widget\" data-widget_type=\"text-editor.default\">\n\t\t\t\t<div class=\"elementor-widget-container\">\n\t\t\t\t\t\t\t\t\t<h5>\u00a0<\/h5><h5 style=\"text-align: center\"><span style=\"color: #3366ff\"><strong>ASESOR\u00cdA PARA CONSTITUIR UN SINDICATO<\/strong><\/span><\/h5><p style=\"text-align: center\"><span style=\"color: #000000\">Constituir un sindicato es un proceso fundamental para la protecci\u00f3n y promoci\u00f3n de los derechos de los trabajadores.<\/span><\/p><p style=\"text-align: center\"><span style=\"color: #000000\">Un sindicato es una herramienta poderosa para la protecci\u00f3n y mejora de las condiciones laborales.<\/span><\/p><p><br \/><br \/><\/p><p>\u00a0<\/p><p><a href=\"https:\/\/api.whatsapp.com\/send?phone=+12878810851&amp;text=%C2%A1Hola%20Abogado%20Barrios!%20Quiero%20contratar%20sus%20servicios%20para%20Constituir%20un%20Sindicato.\"><img decoding=\"async\" class=\"size-medium wp-image-104 aligncenter\" src=\"https:\/\/abogadobarrios.com\/wp-content\/uploads\/2024\/11\/WhatsAppButtonGreenSmall-300x68.png\" alt=\"\" width=\"300\" height=\"68\" srcset=\"https:\/\/abogadobarriosmx.com\/wp-content\/uploads\/2024\/11\/WhatsAppButtonGreenSmall-300x68.png 300w, https:\/\/abogadobarriosmx.com\/wp-content\/uploads\/2024\/11\/WhatsAppButtonGreenSmall.png 320w\" sizes=\"(max-width: 300px) 100vw, 300px\" \/><\/a><\/p>\t\t\t\t\t\t\t\t<\/div>\n\t\t\t\t<\/div>\n\t\t\t\t<div class=\"elementor-element elementor-element-907b5b1 elementor-widget elementor-widget-text-editor\" data-id=\"907b5b1\" data-element_type=\"widget\" data-widget_type=\"text-editor.default\">\n\t\t\t\t<div class=\"elementor-widget-container\">\n\t\t\t\t\t\t\t\t\t<h5 style=\"text-align: center\"><span style=\"color: #003366\">ASESOR\u00cdA EN RIESGO DE TRABAJO<\/span><\/h5><p style=\"text-align: center\"><span style=\"color: #000000\">Un riesgo de trabajo se refiere a cualquier situaci\u00f3n, condici\u00f3n o actividad en el lugar de trabajo que puede causar da\u00f1o o enfermedad a los trabajadores. Estos riesgos pueden derivar en accidentes laborales o enfermedades profesionales, y es responsabilidad de los empleadores identificar, evaluar y controlar estos riesgos para proteger la salud y seguridad de sus empleados.<\/span><\/p><p style=\"text-align: center\"><span style=\"color: #000000\">En caso de que el trabajador no cuente con Seguridad Social por parte del patr\u00f3n y haya sufrido un accidente dentro del trabajo o fuera de el y se niegue a responsabilizarse, el trabajador puede contratar nuestros servicios para demandar el incumplimiento por parte del patr\u00f3n<\/span><\/p><h3><a href=\"https:\/\/api.whatsapp.com\/send?phone=+12878810851&amp;text=%C2%A1Hola%20Abogado%20Barrios!%20Quiero%20contratar%20sus%20servicios%20por%20Riesgo%20de%20Trabajo.\"><img decoding=\"async\" class=\"size-medium wp-image-104 aligncenter\" src=\"https:\/\/abogadobarrios.com\/wp-content\/uploads\/2024\/11\/WhatsAppButtonGreenSmall-300x68.png\" alt=\"\" width=\"300\" height=\"68\" srcset=\"https:\/\/abogadobarriosmx.com\/wp-content\/uploads\/2024\/11\/WhatsAppButtonGreenSmall-300x68.png 300w, https:\/\/abogadobarriosmx.com\/wp-content\/uploads\/2024\/11\/WhatsAppButtonGreenSmall.png 320w\" sizes=\"(max-width: 300px) 100vw, 300px\" \/><\/a><\/h3>\t\t\t\t\t\t\t\t<\/div>\n\t\t\t\t<\/div>\n\t\t\t\t<div class=\"elementor-element elementor-element-742e162 elementor-widget elementor-widget-text-editor\" data-id=\"742e162\" data-element_type=\"widget\" data-widget_type=\"text-editor.default\">\n\t\t\t\t<div class=\"elementor-widget-container\">\n\t\t\t\t\t\t\t\t\t<h5 style=\"text-align: center\"><span style=\"color: #3366ff\"><strong>ASESOR\u00cdA EN ACOSO Y <br \/>HOSTIGAMIENTO LABORAL<\/strong><\/span><\/h5><p style=\"text-align: center\"><span style=\"color: #000000\">El acoso sexual laboral es una forma de violencia y discriminaci\u00f3n en el lugar de trabajo que implica conductas de naturaleza sexual no deseadas, que afectan la dignidad y el bienestar de la persona acosada.<\/span><\/p><p style=\"text-align: center\"><span style=\"color: #000000\">El hostigamiento laboral es una forma de acoso en el trabajo que implica una conducta persistente y sistem\u00e1tica de abuso de poder por parte de una persona en una posici\u00f3n superior (supervisor, gerente, jefe) hacia un subordinado. Este comportamiento crea un ambiente hostil e intimidante, afectando negativamente la salud emocional y f\u00edsica del trabajador.<\/span><\/p><p><a href=\"https:\/\/api.whatsapp.com\/send?phone=+12878810851&amp;text=%C2%A1Hola%20Abogado%20Barrios!%20Quiero%20contratar%20sus%20servicios%20por%20Acoso%20y%20Hostigamiento%20Laboral.\"><img decoding=\"async\" class=\"size-medium wp-image-104 aligncenter\" src=\"https:\/\/abogadobarrios.com\/wp-content\/uploads\/2024\/11\/WhatsAppButtonGreenSmall-300x68.png\" alt=\"\" width=\"300\" height=\"68\" srcset=\"https:\/\/abogadobarriosmx.com\/wp-content\/uploads\/2024\/11\/WhatsAppButtonGreenSmall-300x68.png 300w, https:\/\/abogadobarriosmx.com\/wp-content\/uploads\/2024\/11\/WhatsAppButtonGreenSmall.png 320w\" sizes=\"(max-width: 300px) 100vw, 300px\" \/><\/a><\/p><h3>\u00a0<\/h3><h3>\u00a0<\/h3>\t\t\t\t\t\t\t\t<\/div>\n\t\t\t\t<\/div>\n\t\t\t\t<\/div>\n\t\t\t\t<\/div>\n\t\t","protected":false},"excerpt":{"rendered":"<p>En el din\u00e1mico y complejo mundo laboral, contar con una asesor\u00eda jur\u00eddica especializada es esencial para garantizar el cumplimiento de las normativas y proteger tanto a los patrones y a &#8230;<\/p>\n","protected":false},"author":1,"featured_media":0,"parent":0,"menu_order":0,"comment_status":"closed","ping_status":"closed","template":"template-fullwidth.php","meta":{"footnotes":""},"class_list":["post-238","page","type-page","status-publish","hentry"],"_links":{"self":[{"href":"https:\/\/abogadobarriosmx.com\/index.php?rest_route=\/wp\/v2\/pages\/238","targetHints":{"allow":["GET"]}}],"collection":[{"href":"https:\/\/abogadobarriosmx.com\/index.php?rest_route=\/wp\/v2\/pages"}],"about":[{"href":"https:\/\/abogadobarriosmx.com\/index.php?rest_route=\/wp\/v2\/types\/page"}],"author":[{"embeddable":true,"href":"https:\/\/abogadobarriosmx.com\/index.php?rest_route=\/wp\/v2\/users\/1"}],"replies":[{"embeddable":true,"href":"https:\/\/abogadobarriosmx.com\/index.php?rest_route=%2Fwp%2Fv2%2Fcomments&post=238"}],"version-history":[{"count":170,"href":"https:\/\/abogadobarriosmx.com\/index.php?rest_route=\/wp\/v2\/pages\/238\/revisions"}],"predecessor-version":[{"id":767,"href":"https:\/\/abogadobarriosmx.com\/index.php?rest_route=\/wp\/v2\/pages\/238\/revisions\/767"}],"wp:attachment":[{"href":"https:\/\/abogadobarriosmx.com\/index.php?rest_route=%2Fwp%2Fv2%2Fmedia&parent=238"}],"curies":[{"name":"wp","href":"https:\/\/api.w.org\/{rel}","templated":true}]}}