{"id":253,"date":"2024-12-20T20:18:08","date_gmt":"2024-12-20T20:18:08","guid":{"rendered":"https:\/\/abogadobarrios.com\/?page_id=253"},"modified":"2024-12-24T00:14:52","modified_gmt":"2024-12-24T00:14:52","slug":"mision-vision-valores","status":"publish","type":"page","link":"https:\/\/abogadobarriosmx.com\/?page_id=253","title":{"rendered":"MISI\u00d3N, VISI\u00d3N, VALORES"},"content":{"rendered":"\t\t<div data-elementor-type=\"wp-page\" data-elementor-id=\"253\" class=\"elementor elementor-253\">\n\t\t\t\t<div class=\"elementor-element elementor-element-e4ee373 e-flex e-con-boxed e-con e-parent\" data-id=\"e4ee373\" data-element_type=\"container\">\n\t\t\t\t\t<div class=\"e-con-inner\">\n\t\t<div class=\"elementor-element elementor-element-de97f73 e-con-full e-flex e-con e-child\" data-id=\"de97f73\" data-element_type=\"container\">\n\t\t\t\t<div class=\"elementor-element elementor-element-697e6c2 e-n-tabs-mobile elementor-widget elementor-widget-n-tabs\" data-id=\"697e6c2\" data-element_type=\"widget\" data-settings=\"{&quot;tabs_justify_horizontal&quot;:&quot;stretch&quot;,&quot;horizontal_scroll&quot;:&quot;disable&quot;}\" data-widget_type=\"nested-tabs.default\">\n\t\t\t\t<div class=\"elementor-widget-container\">\n\t\t\t\t\t\t\t<div class=\"e-n-tabs\" data-widget-number=\"110618306\" aria-label=\"Pesta\u00f1as. Abre elementos con Intro o Espacio, ci\u00e9rralos con Escape y navega con las fechas.\">\n\t\t\t<div class=\"e-n-tabs-heading\" role=\"tablist\">\n\t\t\t\t\t<button id=\"e-n-tab-title-1106183061\" data-tab-title-id=\"e-n-tab-title-1106183061\" class=\"e-n-tab-title\" aria-selected=\"true\" data-tab-index=\"1\" role=\"tab\" tabindex=\"0\" aria-controls=\"e-n-tab-content-1106183061\" style=\"--n-tabs-title-order: 1;\">\n\t\t\t\t\t\t<span class=\"e-n-tab-title-text\">\n\t\t\t\tMISI\u00d3N\t\t\t<\/span>\n\t\t<\/button>\n\t\t\t\t<button id=\"e-n-tab-title-1106183062\" data-tab-title-id=\"e-n-tab-title-1106183062\" class=\"e-n-tab-title\" aria-selected=\"false\" data-tab-index=\"2\" role=\"tab\" tabindex=\"-1\" aria-controls=\"e-n-tab-content-1106183062\" style=\"--n-tabs-title-order: 2;\">\n\t\t\t\t\t\t<span class=\"e-n-tab-title-text\">\n\t\t\t\tVISI\u00d3N\t\t\t<\/span>\n\t\t<\/button>\n\t\t\t\t<button id=\"e-n-tab-title-1106183063\" data-tab-title-id=\"e-n-tab-title-1106183063\" class=\"e-n-tab-title\" aria-selected=\"false\" data-tab-index=\"3\" role=\"tab\" tabindex=\"-1\" aria-controls=\"e-n-tab-content-1106183063\" style=\"--n-tabs-title-order: 3;\">\n\t\t\t\t\t\t<span class=\"e-n-tab-title-text\">\n\t\t\t\tVALORES\t\t\t<\/span>\n\t\t<\/button>\n\t\t\t\t\t<\/div>\n\t\t\t<div class=\"e-n-tabs-content\">\n\t\t\t\t<div id=\"e-n-tab-content-1106183061\" role=\"tabpanel\" aria-labelledby=\"e-n-tab-title-1106183061\" data-tab-index=\"1\" style=\"--n-tabs-title-order: 1;\" class=\"e-active elementor-element elementor-element-a39fb62 e-con-full e-flex e-con e-child\" data-id=\"a39fb62\" data-element_type=\"container\">\n\t\t<div class=\"elementor-element elementor-element-7ef1b16 e-flex e-con-boxed e-con e-child\" data-id=\"7ef1b16\" data-element_type=\"container\">\n\t\t\t\t\t<div class=\"e-con-inner\">\n\t\t\t\t<div class=\"elementor-element elementor-element-44359d3 elementor-widget elementor-widget-text-editor\" data-id=\"44359d3\" data-element_type=\"widget\" data-widget_type=\"text-editor.default\">\n\t\t\t\t<div class=\"elementor-widget-container\">\n\t\t\t\t\t\t\t\t\t<p><span style=\"color: #000000\">Como abogado, mi <strong>Misi\u00f3n<\/strong> es brindar servicios legales de alta calidad con integridad, compromiso y profesionalismo, defendiendo los derechos e intereses de mis clientes con pasi\u00f3n y \u00e9tica. <\/span><\/p><p><span style=\"color: #000000\">Me comprometo a proporcionar asesor\u00eda jur\u00eddica personalizada y estrat\u00e9gica, basada en un conocimiento profundo de la ley y un entendimiento claro de las necesidades y objetivos de mis clientes.<\/span><\/p><h3>\u00a0<\/h3>\t\t\t\t\t\t\t\t<\/div>\n\t\t\t\t<\/div>\n\t\t\t\t\t<\/div>\n\t\t\t\t<\/div>\n\t\t\t\t<\/div>\n\t\t<div id=\"e-n-tab-content-1106183062\" role=\"tabpanel\" aria-labelledby=\"e-n-tab-title-1106183062\" data-tab-index=\"2\" style=\"--n-tabs-title-order: 2;\" class=\" elementor-element elementor-element-3dd8720 e-con-full e-flex e-con e-child\" data-id=\"3dd8720\" data-element_type=\"container\">\n\t\t<div class=\"elementor-element elementor-element-e7309b3 e-flex e-con-boxed e-con e-child\" data-id=\"e7309b3\" data-element_type=\"container\">\n\t\t\t\t\t<div class=\"e-con-inner\">\n\t\t\t\t<div class=\"elementor-element elementor-element-783c834 elementor-widget elementor-widget-text-editor\" data-id=\"783c834\" data-element_type=\"widget\" data-widget_type=\"text-editor.default\">\n\t\t\t\t<div class=\"elementor-widget-container\">\n\t\t\t\t\t\t\t\t\t<p><span style=\"color: #000000\">Mi <strong>Visi\u00f3n<\/strong> es ser reconocido como un abogado comprometido con la excelencia, integridad y justicia, estableciendo un est\u00e1ndar de referencia en la pr\u00e1ctica legal que inspire confianza y respeto tanto en los clientes como en la comunidad jur\u00eddica.<\/span><\/p><h3>\u00a0<\/h3>\t\t\t\t\t\t\t\t<\/div>\n\t\t\t\t<\/div>\n\t\t\t\t\t<\/div>\n\t\t\t\t<\/div>\n\t\t\t\t<\/div>\n\t\t<div id=\"e-n-tab-content-1106183063\" role=\"tabpanel\" aria-labelledby=\"e-n-tab-title-1106183063\" data-tab-index=\"3\" style=\"--n-tabs-title-order: 3;\" class=\" elementor-element elementor-element-bc03304 e-con-full e-flex e-con e-child\" data-id=\"bc03304\" data-element_type=\"container\">\n\t\t<div class=\"elementor-element elementor-element-7ce59b7 e-flex e-con-boxed e-con e-child\" data-id=\"7ce59b7\" data-element_type=\"container\">\n\t\t\t\t\t<div class=\"e-con-inner\">\n\t\t\t\t<div class=\"elementor-element elementor-element-56b5832 elementor-widget elementor-widget-text-editor\" data-id=\"56b5832\" data-element_type=\"widget\" data-widget_type=\"text-editor.default\">\n\t\t\t\t<div class=\"elementor-widget-container\">\n\t\t\t\t\t\t\t\t\t<p><span style=\"color: #000000\">A lo largo de de mi carrera me he forjado con estos <strong>Valores<\/strong> que me representan como profesional del derecho:<\/span><\/p><p><strong><span style=\"color: #000000\">Integridad:<\/span><\/strong><br \/><span style=\"color: #000000\">Actuar con honestidad y \u00e9tica en todas las situaciones, garantizando que las acciones y decisiones sean justas y transparentes.<\/span><\/p><p><strong><span style=\"color: #000000\">Compromiso:<\/span><\/strong><br \/><span style=\"color: #000000\">Dedicar el m\u00e1ximo esfuerzo y atenci\u00f3n a la defensa de los derechos e intereses de los clientes, siempre buscando soluciones eficientes y justas.<\/span><\/p><p><strong><span style=\"color: #000000\">Empat\u00eda:<\/span><\/strong><br \/><span style=\"color: #000000\">Comprender y valorar las necesidades y preocupaciones de los clientes, ofreciendo un servicio humano y sensible a las circunstancias personales de cada caso.<\/span><\/p><p><strong><span style=\"color: #000000\">Excelencia:<\/span><\/strong><br \/><span style=\"color: #000000\">Buscar constantemente la mejora profesional, manteni\u00e9ndose actualizado con las leyes y regulaciones vigentes, y aplicando los m\u00e1s altos est\u00e1ndares de calidad en el ejercicio del derecho.<\/span><\/p><p><strong><span style=\"color: #000000\">Confidencialidad:<\/span><\/strong><br \/><span style=\"color: #000000\">Respetar la privacidad y confidencialidad de la informaci\u00f3n proporcionada por los clientes, asegurando que sus asuntos legales se manejen con la m\u00e1xima discreci\u00f3n.<\/span><\/p><p><strong><span style=\"color: #000000\">Justicia:<\/span><\/strong><br \/><span style=\"color: #000000\">Promover la justicia en todos los \u00e1mbitos del ejercicio profesional, actuando siempre de manera equitativa y abogando por un trato justo para todas las partes involucradas.<\/span><\/p><p><strong><span style=\"color: #000000\">Responsabilidad:<\/span><\/strong><br \/><span style=\"color: #000000\">Asumir la responsabilidad de las acciones y decisiones profesionales, reconociendo la importancia del rol de abogado en la sociedad y el impacto de sus actuaciones.<\/span><\/p><p><strong><span style=\"color: #000000\">Respeto:<\/span><\/strong><br \/><span style=\"color: #000000\">Tratar a todos los individuos con dignidad y respeto, independientemente de su situaci\u00f3n o posici\u00f3n, fomentando un entorno de confianza y colaboraci\u00f3n.<\/span><\/p><p><strong><span style=\"color: #000000\">Transparencia:<\/span><\/strong><br \/><span style=\"color: #000000\">Ser claro y abierto con los clientes sobre las opciones legales, los procesos y los posibles resultados, asegurando que comprendan plenamente cada paso de su caso.<\/span><\/p><p><strong><span style=\"color: #000000\">Innovaci\u00f3n:<\/span><\/strong><br \/><span style=\"color: #000000\">Adoptar y promover nuevas tecnolog\u00edas y m\u00e9todos en la pr\u00e1ctica legal para mejorar la eficiencia, accesibilidad y calidad de los servicios jur\u00eddicos.<\/span><\/p>\t\t\t\t\t\t\t\t<\/div>\n\t\t\t\t<\/div>\n\t\t\t\t\t<\/div>\n\t\t\t\t<\/div>\n\t\t\t\t<\/div>\n\t\t\t\t\t<\/div>\n\t\t<\/div>\n\t\t\t\t\t\t<\/div>\n\t\t\t\t<\/div>\n\t\t\t\t<\/div>\n\t\t\t\t\t<\/div>\n\t\t\t\t<\/div>\n\t\t\t\t<\/div>\n\t\t","protected":false},"excerpt":{"rendered":"<p>MISI\u00d3N VISI\u00d3N VALORES Como abogado, mi Misi\u00f3n es brindar servicios legales de alta calidad con integridad, compromiso y profesionalismo, defendiendo los derechos e intereses de mis clientes con pasi\u00f3n y &#8230;<\/p>\n","protected":false},"author":1,"featured_media":0,"parent":0,"menu_order":0,"comment_status":"closed","ping_status":"closed","template":"template-fullwidth.php","meta":{"footnotes":""},"class_list":["post-253","page","type-page","status-publish","hentry"],"_links":{"self":[{"href":"https:\/\/abogadobarriosmx.com\/index.php?rest_route=\/wp\/v2\/pages\/253","targetHints":{"allow":["GET"]}}],"collection":[{"href":"https:\/\/abogadobarriosmx.com\/index.php?rest_route=\/wp\/v2\/pages"}],"about":[{"href":"https:\/\/abogadobarriosmx.com\/index.php?rest_route=\/wp\/v2\/types\/page"}],"author":[{"embeddable":true,"href":"https:\/\/abogadobarriosmx.com\/index.php?rest_route=\/wp\/v2\/users\/1"}],"replies":[{"embeddable":true,"href":"https:\/\/abogadobarriosmx.com\/index.php?rest_route=%2Fwp%2Fv2%2Fcomments&post=253"}],"version-history":[{"count":25,"href":"https:\/\/abogadobarriosmx.com\/index.php?rest_route=\/wp\/v2\/pages\/253\/revisions"}],"predecessor-version":[{"id":812,"href":"https:\/\/abogadobarriosmx.com\/index.php?rest_route=\/wp\/v2\/pages\/253\/revisions\/812"}],"wp:attachment":[{"href":"https:\/\/abogadobarriosmx.com\/index.php?rest_route=%2Fwp%2Fv2%2Fmedia&parent=253"}],"curies":[{"name":"wp","href":"https:\/\/api.w.org\/{rel}","templated":true}]}}