{"id":48,"date":"2024-09-19T00:42:47","date_gmt":"2024-09-19T00:42:47","guid":{"rendered":"https:\/\/abogadobarrios.com\/?page_id=48"},"modified":"2025-12-16T00:16:27","modified_gmt":"2025-12-16T00:16:27","slug":"quienes-somos","status":"publish","type":"page","link":"https:\/\/abogadobarriosmx.com\/?page_id=48","title":{"rendered":"QUIENES SOMOS"},"content":{"rendered":"\t\t<div data-elementor-type=\"wp-page\" data-elementor-id=\"48\" class=\"elementor elementor-48\">\n\t\t\t\t<div class=\"elementor-element elementor-element-7da6243d e-flex e-con-boxed e-con e-parent\" data-id=\"7da6243d\" data-element_type=\"container\">\n\t\t\t\t\t<div class=\"e-con-inner\">\n\t\t\t\t<div class=\"elementor-element elementor-element-665778d elementor-widget elementor-widget-text-editor\" data-id=\"665778d\" data-element_type=\"widget\" data-widget_type=\"text-editor.default\">\n\t\t\t\t<div class=\"elementor-widget-container\">\n\t\t\t\t\t\t\t\t\t<p><\/p>\n<div class=\"wp-block-columns is-layout-flex wp-container-core-columns-is-layout-9d6595d7 wp-block-columns-is-layout-flex\">\n<p><\/p>\n<div class=\"wp-block-column is-layout-flow wp-block-column-is-layout-flow\" style=\"flex-basis: 33.33%\">\n<p><div class=\"wp-block-image\"><\/p>\n<figure class=\"aligncenter size-large is-resized\"><img decoding=\"async\" class=\"alignnone wp-image-227\" src=\"https:\/\/abogadobarriosmx.com\/wp-content\/uploads\/2024\/12\/file-6-188x300.png\" alt=\"\" width=\"160\" height=\"255\" srcset=\"https:\/\/abogadobarriosmx.com\/wp-content\/uploads\/2024\/12\/file-6-188x300.png 188w, https:\/\/abogadobarriosmx.com\/wp-content\/uploads\/2024\/12\/file-6-642x1024.png 642w, https:\/\/abogadobarriosmx.com\/wp-content\/uploads\/2024\/12\/file-6-768x1224.png 768w, https:\/\/abogadobarriosmx.com\/wp-content\/uploads\/2024\/12\/file-6.png 951w\" sizes=\"(max-width: 160px) 100vw, 160px\" \/><\/figure>\n<p><\/div><\/p>\n<p><\/p>\n<h6 style=\"text-align: center\"><strong>Lic. Jos\u00e9 Juan L\u00f3pez Barrios<\/strong><\/h6>\n<p><\/p>\n<\/div>\n<p><\/p>\n<p><\/p>\n<div class=\"wp-block-column is-layout-flow wp-block-column-is-layout-flow\" style=\"flex-basis: 66.66%\">\n<p><\/p>\n<p><span style=\"color: #000000\">Soy el abogado <strong>Jos\u00e9 Juan L\u00f3pez Barrios<\/strong>, <em>Licenciado en Derecho<\/em> por la Universidad Virtual del Estado de Guanajuato (UVEG), con <u>C\u00e9dula Profesional 14632574<\/u> actualmente ampliando mis conocimientos estudiando el Posgrado de <em>Especialidad en Derecho Procesal Electoral\u00a0<\/em>en la Escuela Judicial Electoral.<\/span><\/p>\n<p><span style=\"color: #000000\">Radico en la ciudad de Tuxtepec, Oaxaca.<\/span><\/p>\n<p><span style=\"color: #000000;font-family: var( --e-global-typography-text-font-family ), Sans-serif;font-weight: var( --e-global-typography-text-font-weight );text-align: var(--text-align);font-size: 0.875rem\">Titular de dos marcas registradas:<\/span><\/p>\n<p><span style=\"color: #000000\">Abogado Barrios. <img decoding=\"async\" class=\"alignnone wp-image-62\" src=\"https:\/\/abogadobarriosmx.com\/wp-content\/uploads\/2024\/09\/cropped-AB-300x293.png\" alt=\"\" width=\"45\" height=\"44\" srcset=\"https:\/\/abogadobarriosmx.com\/wp-content\/uploads\/2024\/09\/cropped-AB-300x293.png 300w, https:\/\/abogadobarriosmx.com\/wp-content\/uploads\/2024\/09\/cropped-AB-150x150.png 150w, https:\/\/abogadobarriosmx.com\/wp-content\/uploads\/2024\/09\/cropped-AB.png 542w\" sizes=\"(max-width: 45px) 100vw, 45px\" \/><\/span><br \/><span style=\"color: #000000\">Publicaciones Barrios.<img decoding=\"async\" class=\"alignnone wp-image-138\" src=\"https:\/\/abogadobarriosmx.com\/wp-content\/uploads\/2024\/12\/PB-300x158.png\" alt=\"\" width=\"72\" height=\"38\" srcset=\"https:\/\/abogadobarriosmx.com\/wp-content\/uploads\/2024\/12\/PB-300x158.png 300w, https:\/\/abogadobarriosmx.com\/wp-content\/uploads\/2024\/12\/PB-1024x539.png 1024w, https:\/\/abogadobarriosmx.com\/wp-content\/uploads\/2024\/12\/PB-768x404.png 768w, https:\/\/abogadobarriosmx.com\/wp-content\/uploads\/2024\/12\/PB-1536x809.png 1536w, https:\/\/abogadobarriosmx.com\/wp-content\/uploads\/2024\/12\/PB-2048x1078.png 2048w, https:\/\/abogadobarriosmx.com\/wp-content\/uploads\/2024\/12\/PB-991x522.png 991w\" sizes=\"(max-width: 72px) 100vw, 72px\" \/><\/span><\/p>\n<p><span style=\"color: #000000\">Cotitular de la marca registrada Instituto Barrios en cotitularidad con la C. Flavia Alvarado Guerrero.<\/span><\/p>\n<p><span style=\"color: #000000\">Copropietario de <strong>Instituto Barrios SAS de CV<\/strong> en copropiedad con la escritora Flavia Alvarado Guerrero desde Octubre del a\u00f1o 2021.<\/span><\/p>\n<p><\/p>\n<\/div>\n<p><\/p>\n<\/div>\n<p><\/p>\t\t\t\t\t\t\t\t<\/div>\n\t\t\t\t<\/div>\n\t\t\t\t\t<\/div>\n\t\t\t\t<\/div>\n\t\t\t\t<\/div>\n\t\t","protected":false},"excerpt":{"rendered":"<p>Lic. Jos\u00e9 Juan L\u00f3pez Barrios Soy el abogado Jos\u00e9 Juan L\u00f3pez Barrios, Licenciado en Derecho por la Universidad Virtual del Estado de Guanajuato (UVEG), con C\u00e9dula Profesional 14632574 actualmente ampliando &#8230;<\/p>\n","protected":false},"author":1,"featured_media":0,"parent":0,"menu_order":0,"comment_status":"closed","ping_status":"closed","template":"template-fullwidth.php","meta":{"footnotes":""},"class_list":["post-48","page","type-page","status-publish","hentry"],"_links":{"self":[{"href":"https:\/\/abogadobarriosmx.com\/index.php?rest_route=\/wp\/v2\/pages\/48","targetHints":{"allow":["GET"]}}],"collection":[{"href":"https:\/\/abogadobarriosmx.com\/index.php?rest_route=\/wp\/v2\/pages"}],"about":[{"href":"https:\/\/abogadobarriosmx.com\/index.php?rest_route=\/wp\/v2\/types\/page"}],"author":[{"embeddable":true,"href":"https:\/\/abogadobarriosmx.com\/index.php?rest_route=\/wp\/v2\/users\/1"}],"replies":[{"embeddable":true,"href":"https:\/\/abogadobarriosmx.com\/index.php?rest_route=%2Fwp%2Fv2%2Fcomments&post=48"}],"version-history":[{"count":61,"href":"https:\/\/abogadobarriosmx.com\/index.php?rest_route=\/wp\/v2\/pages\/48\/revisions"}],"predecessor-version":[{"id":1169,"href":"https:\/\/abogadobarriosmx.com\/index.php?rest_route=\/wp\/v2\/pages\/48\/revisions\/1169"}],"wp:attachment":[{"href":"https:\/\/abogadobarriosmx.com\/index.php?rest_route=%2Fwp%2Fv2%2Fmedia&parent=48"}],"curies":[{"name":"wp","href":"https:\/\/api.w.org\/{rel}","templated":true}]}}