{"id":592,"date":"2024-12-23T18:37:49","date_gmt":"2024-12-23T18:37:49","guid":{"rendered":"https:\/\/abogadobarrios.com\/?page_id=592"},"modified":"2024-12-24T01:00:04","modified_gmt":"2024-12-24T01:00:04","slug":"sucesiones","status":"publish","type":"page","link":"https:\/\/abogadobarriosmx.com\/?page_id=592","title":{"rendered":"SUCESIONES"},"content":{"rendered":"\t\t<div data-elementor-type=\"wp-page\" data-elementor-id=\"592\" class=\"elementor elementor-592\">\n\t\t\t\t<div class=\"elementor-element elementor-element-7f3cdb5 e-flex e-con-boxed e-con e-parent\" data-id=\"7f3cdb5\" data-element_type=\"container\">\n\t\t\t\t\t<div class=\"e-con-inner\">\n\t\t\t\t<div class=\"elementor-element elementor-element-83dc516 elementor-widget elementor-widget-text-editor\" data-id=\"83dc516\" data-element_type=\"widget\" data-widget_type=\"text-editor.default\">\n\t\t\t\t<div class=\"elementor-widget-container\">\n\t\t\t\t\t\t\t\t\t<p><img decoding=\"async\" class=\"alignnone wp-image-595\" src=\"https:\/\/abogadobarrios.com\/wp-content\/uploads\/2024\/12\/SUCESIONES-300x72.png\" alt=\"\" width=\"383\" height=\"92\" srcset=\"https:\/\/abogadobarriosmx.com\/wp-content\/uploads\/2024\/12\/SUCESIONES-300x72.png 300w, https:\/\/abogadobarriosmx.com\/wp-content\/uploads\/2024\/12\/SUCESIONES-1024x245.png 1024w, https:\/\/abogadobarriosmx.com\/wp-content\/uploads\/2024\/12\/SUCESIONES-768x184.png 768w, https:\/\/abogadobarriosmx.com\/wp-content\/uploads\/2024\/12\/SUCESIONES.png 1529w\" sizes=\"(max-width: 383px) 100vw, 383px\" \/><\/p><p><span style=\"color: #000000\">Las sucesiones son el conjunto de normas y procedimientos legales que regulan la transmisi\u00f3n de los bienes, derechos y obligaciones de una persona fallecida (de cujus) a sus herederos o legatarios. Este proceso se encarga de asegurar que el patrimonio del fallecido se distribuya de acuerdo con su voluntad expresada en un testamento o, en su defecto cuando no existe testamento sucesi\u00f3n legal (mejor conocida como intestamentaria), tambi\u00e9n existiendo la Sucesi\u00f3n mixta.<\/span><\/p>\t\t\t\t\t\t\t\t<\/div>\n\t\t\t\t<\/div>\n\t\t\t\t\t<\/div>\n\t\t\t\t<\/div>\n\t\t<div class=\"elementor-element elementor-element-367a2f0 e-grid e-con-boxed e-con e-parent\" data-id=\"367a2f0\" data-element_type=\"container\">\n\t\t\t\t\t<div class=\"e-con-inner\">\n\t\t\t\t<div class=\"elementor-element elementor-element-001d0e8 elementor-widget elementor-widget-text-editor\" data-id=\"001d0e8\" data-element_type=\"widget\" data-widget_type=\"text-editor.default\">\n\t\t\t\t<div class=\"elementor-widget-container\">\n\t\t\t\t\t\t\t\t\t<h2 style=\"text-align: center\"><span style=\"text-decoration: underline;color: #800000\"><strong>SUCESI\u00d3N TESTAMENTARIA<\/strong><\/span><\/h2><p><span style=\"color: #000000\">La sucesi\u00f3n testamentaria es el proceso legal mediante el cual se lleva a cabo la distribuci\u00f3n de los bienes, derechos y obligaciones de una persona fallecida (testador) de acuerdo con las disposiciones establecidas en su testamento. El testamento es un documento escrito en el que el testador expresa su voluntad sobre c\u00f3mo desea que se reparta su patrimonio despu\u00e9s de su muerte.<\/span><\/p><h3>\u00a0<\/h3>\t\t\t\t\t\t\t\t<\/div>\n\t\t\t\t<\/div>\n\t\t\t\t<div class=\"elementor-element elementor-element-32e5458 elementor-widget elementor-widget-text-editor\" data-id=\"32e5458\" data-element_type=\"widget\" data-widget_type=\"text-editor.default\">\n\t\t\t\t<div class=\"elementor-widget-container\">\n\t\t\t\t\t\t\t\t\t<h2 style=\"text-align: center\"><span style=\"text-decoration: underline\"><strong><span style=\"color: #800000;text-decoration: underline\">SUCESI\u00d3N INTESTAMENTARIA<\/span><\/strong><\/span><\/h2><p><span style=\"color: #000000\">La sucesi\u00f3n intestamentaria se aplica cuando el fallecido no dej\u00f3 un testamento, o cuando el testamento es declarado inv\u00e1lido o insuficiente para abarcar todos los bienes y estos\u00a0se distribuyen de manera equitativa entre los herederos seg\u00fan el orden de prelaci\u00f3n, asegurando una distribuci\u00f3n justa conforme a la ley.<\/span><\/p>\t\t\t\t\t\t\t\t<\/div>\n\t\t\t\t<\/div>\n\t\t\t\t<div class=\"elementor-element elementor-element-888418a elementor-widget elementor-widget-text-editor\" data-id=\"888418a\" data-element_type=\"widget\" data-widget_type=\"text-editor.default\">\n\t\t\t\t<div class=\"elementor-widget-container\">\n\t\t\t\t\t\t\t\t\t<h2 style=\"text-align: center\"><span style=\"text-decoration: underline;color: #800000\"><strong>SUCESI\u00d3N\u00a0<\/strong><\/span><br \/><span style=\"text-decoration: underline;color: #800000\"><strong>MIXTA<\/strong><\/span><\/h2><p><span style=\"color: #000000\">La sucesi\u00f3n mixta es un proceso de transmisi\u00f3n de bienes, derechos y obligaciones de una persona fallecida que combina elementos de la sucesi\u00f3n testamentaria y la sucesi\u00f3n intestamentaria. Esto ocurre cuando una persona deja un testamento que no abarca la totalidad de su patrimonio, por lo que los bienes no dispuestos en el testamento se distribuyen de acuerdo con las leyes de sucesi\u00f3n intestada.<\/span><\/p><h3>\u00a0<\/h3>\t\t\t\t\t\t\t\t<\/div>\n\t\t\t\t<\/div>\n\t\t\t\t\t<\/div>\n\t\t\t\t<\/div>\n\t\t<div class=\"elementor-element elementor-element-87f1960 e-flex e-con-boxed e-con e-parent\" data-id=\"87f1960\" data-element_type=\"container\">\n\t\t\t\t\t<div class=\"e-con-inner\">\n\t\t\t\t<div class=\"elementor-element elementor-element-bba3d8a elementor-widget elementor-widget-text-editor\" data-id=\"bba3d8a\" data-element_type=\"widget\" data-widget_type=\"text-editor.default\">\n\t\t\t\t<div class=\"elementor-widget-container\">\n\t\t\t\t\t\t\t\t\t<p><span style=\"color: #000000\">Es un placer poder brindarles nuestros servicios jur\u00eddicos que pueden ayudarle a resolver sus sucesiones y proteger sus intereses familiares.<\/span><\/p><p><span style=\"color: #000000\">Si desea contratar nuestros servicios jur\u00eddicios puede enviarnos un mensaje de WhatsApp <a href=\"https:\/\/api.whatsapp.com\/send?phone=+12878810851&amp;text=%C2%A1Hola%20Abogado%20Barrios!%20Necesito%20de%20sus%20servicios%20jur%C3%ADdicos%20en%20una%20Sucesi%C3%B3n.\"><img decoding=\"async\" class=\"alignnone  wp-image-104\" src=\"https:\/\/abogadobarrios.com\/wp-content\/uploads\/2024\/11\/WhatsAppButtonGreenSmall-300x68.png\" alt=\"\" width=\"186\" height=\"42\" srcset=\"https:\/\/abogadobarriosmx.com\/wp-content\/uploads\/2024\/11\/WhatsAppButtonGreenSmall-300x68.png 300w, https:\/\/abogadobarriosmx.com\/wp-content\/uploads\/2024\/11\/WhatsAppButtonGreenSmall.png 320w\" sizes=\"(max-width: 186px) 100vw, 186px\" \/><\/a><br \/>o llamar al: 287 881 0851<\/span><\/p>\t\t\t\t\t\t\t\t<\/div>\n\t\t\t\t<\/div>\n\t\t\t\t\t<\/div>\n\t\t\t\t<\/div>\n\t\t\t\t<\/div>\n\t\t","protected":false},"excerpt":{"rendered":"<p>Las sucesiones son el conjunto de normas y procedimientos legales que regulan la transmisi\u00f3n de los bienes, derechos y obligaciones de una persona fallecida (de cujus) a sus herederos o &#8230;<\/p>\n","protected":false},"author":1,"featured_media":0,"parent":0,"menu_order":0,"comment_status":"closed","ping_status":"closed","template":"template-fullwidth.php","meta":{"footnotes":""},"class_list":["post-592","page","type-page","status-publish","hentry"],"_links":{"self":[{"href":"https:\/\/abogadobarriosmx.com\/index.php?rest_route=\/wp\/v2\/pages\/592","targetHints":{"allow":["GET"]}}],"collection":[{"href":"https:\/\/abogadobarriosmx.com\/index.php?rest_route=\/wp\/v2\/pages"}],"about":[{"href":"https:\/\/abogadobarriosmx.com\/index.php?rest_route=\/wp\/v2\/types\/page"}],"author":[{"embeddable":true,"href":"https:\/\/abogadobarriosmx.com\/index.php?rest_route=\/wp\/v2\/users\/1"}],"replies":[{"embeddable":true,"href":"https:\/\/abogadobarriosmx.com\/index.php?rest_route=%2Fwp%2Fv2%2Fcomments&post=592"}],"version-history":[{"count":37,"href":"https:\/\/abogadobarriosmx.com\/index.php?rest_route=\/wp\/v2\/pages\/592\/revisions"}],"predecessor-version":[{"id":837,"href":"https:\/\/abogadobarriosmx.com\/index.php?rest_route=\/wp\/v2\/pages\/592\/revisions\/837"}],"wp:attachment":[{"href":"https:\/\/abogadobarriosmx.com\/index.php?rest_route=%2Fwp%2Fv2%2Fmedia&parent=592"}],"curies":[{"name":"wp","href":"https:\/\/api.w.org\/{rel}","templated":true}]}}