{"id":677,"date":"2024-12-23T21:02:37","date_gmt":"2024-12-23T21:02:37","guid":{"rendered":"https:\/\/abogadobarrios.com\/?page_id=677"},"modified":"2024-12-24T00:50:39","modified_gmt":"2024-12-24T00:50:39","slug":"asuntos-civiles","status":"publish","type":"page","link":"https:\/\/abogadobarriosmx.com\/?page_id=677","title":{"rendered":"ASUNTOS CIVILES"},"content":{"rendered":"\t\t<div data-elementor-type=\"wp-page\" data-elementor-id=\"677\" class=\"elementor elementor-677\">\n\t\t\t\t<div class=\"elementor-element elementor-element-0f0d606 e-flex e-con-boxed e-con e-parent\" data-id=\"0f0d606\" data-element_type=\"container\">\n\t\t\t\t\t<div class=\"e-con-inner\">\n\t\t\t\t<div class=\"elementor-element elementor-element-d43019e elementor-widget elementor-widget-text-editor\" data-id=\"d43019e\" data-element_type=\"widget\" data-widget_type=\"text-editor.default\">\n\t\t\t\t<div class=\"elementor-widget-container\">\n\t\t\t\t\t\t\t\t\t<p><img decoding=\"async\" class=\"alignnone wp-image-816\" src=\"https:\/\/abogadobarrios.com\/wp-content\/uploads\/2024\/12\/DERECHO-CIVIL-300x72.png\" alt=\"\" width=\"316\" height=\"76\" srcset=\"https:\/\/abogadobarriosmx.com\/wp-content\/uploads\/2024\/12\/DERECHO-CIVIL-300x72.png 300w, https:\/\/abogadobarriosmx.com\/wp-content\/uploads\/2024\/12\/DERECHO-CIVIL-1024x245.png 1024w, https:\/\/abogadobarriosmx.com\/wp-content\/uploads\/2024\/12\/DERECHO-CIVIL-768x184.png 768w, https:\/\/abogadobarriosmx.com\/wp-content\/uploads\/2024\/12\/DERECHO-CIVIL.png 1529w\" sizes=\"(max-width: 316px) 100vw, 316px\" \/><\/p><p><span style=\"color: #000000\">El derecho civil es una rama del derecho que regula las relaciones jur\u00eddicas entre personas, tanto personas f\u00edsicas como personas morales. Abarca una amplia gama de temas que incluyen el derecho de personas, familia, propiedad, contratos y obligaciones. El objetivo del derecho civil es establecer un marco legal que garantice la convivencia ordenada y justa entre los individuos, protegiendo sus derechos y asegurando el cumplimiento de sus obligaciones.<\/span><\/p><h3>\u00a0<\/h3>\t\t\t\t\t\t\t\t<\/div>\n\t\t\t\t<\/div>\n\t\t\t\t\t<\/div>\n\t\t\t\t<\/div>\n\t\t<div class=\"elementor-element elementor-element-5ba797d e-grid e-con-boxed e-con e-parent\" data-id=\"5ba797d\" data-element_type=\"container\">\n\t\t\t\t\t<div class=\"e-con-inner\">\n\t\t\t\t<div class=\"elementor-element elementor-element-f119fba elementor-widget elementor-widget-heading\" data-id=\"f119fba\" data-element_type=\"widget\" data-widget_type=\"heading.default\">\n\t\t\t\t<div class=\"elementor-widget-container\">\n\t\t\t\t\t<h2 class=\"elementor-heading-title elementor-size-default\">CONTRATO DE ARRENDAMIENTO<\/h2>\t\t\t\t<\/div>\n\t\t\t\t<\/div>\n\t\t\t\t<div class=\"elementor-element elementor-element-2acfd18 elementor-widget elementor-widget-heading\" data-id=\"2acfd18\" data-element_type=\"widget\" data-widget_type=\"heading.default\">\n\t\t\t\t<div class=\"elementor-widget-container\">\n\t\t\t\t\t<h2 class=\"elementor-heading-title elementor-size-default\">CONTRATO DE PRESTACI\u00d3N DE SERV. PRO.<\/h2>\t\t\t\t<\/div>\n\t\t\t\t<\/div>\n\t\t\t\t<div class=\"elementor-element elementor-element-b831c71 elementor-widget elementor-widget-heading\" data-id=\"b831c71\" data-element_type=\"widget\" data-widget_type=\"heading.default\">\n\t\t\t\t<div class=\"elementor-widget-container\">\n\t\t\t\t\t<h2 class=\"elementor-heading-title elementor-size-default\">CONTRATO DE MUTUO<\/h2>\t\t\t\t<\/div>\n\t\t\t\t<\/div>\n\t\t\t\t\t<\/div>\n\t\t\t\t<\/div>\n\t\t<div class=\"elementor-element elementor-element-779730a e-grid e-con-boxed e-con e-parent\" data-id=\"779730a\" data-element_type=\"container\">\n\t\t\t\t\t<div class=\"e-con-inner\">\n\t\t\t\t<div class=\"elementor-element elementor-element-7b66444 elementor-widget elementor-widget-text-editor\" data-id=\"7b66444\" data-element_type=\"widget\" data-widget_type=\"text-editor.default\">\n\t\t\t\t<div class=\"elementor-widget-container\">\n\t\t\t\t\t\t\t\t\t<p style=\"text-align: center\"><strong><span style=\"text-decoration: underline\"><span style=\"color: #000000;text-decoration: underline\">Elaboramos tu contrato de arrendamiento.<\/span><\/span><\/strong><\/p><p><span style=\"color: #000000\">El contrato de arrendamiento es un acuerdo mediante el cual una persona (el arrendador) cede temporalmente el uso y goce de un bien inmueble (como una casa, departamento, oficina, terreno, etc.) a otra persona (el arrendatario) a cambio de un pago peri\u00f3dico (renta) durante un per\u00edodo determinado. Este contrato establece las condiciones y t\u00e9rminos bajo los cuales se realiza el arrendamiento y protege los derechos y obligaciones de ambas partes.<\/span><\/p><h3>\u00a0<\/h3>\t\t\t\t\t\t\t\t<\/div>\n\t\t\t\t<\/div>\n\t\t\t\t<div class=\"elementor-element elementor-element-e2b6191 elementor-widget elementor-widget-text-editor\" data-id=\"e2b6191\" data-element_type=\"widget\" data-widget_type=\"text-editor.default\">\n\t\t\t\t<div class=\"elementor-widget-container\">\n\t\t\t\t\t\t\t\t\t<p style=\"text-align: center\"><strong><span style=\"text-decoration: underline\"><span style=\"color: #000000;text-decoration: underline\">Elaboramos tu contrato de prestaci\u00f3n de servicios profesionales.<\/span><\/span><\/strong><\/p><p><span style=\"color: #000000\">El contrato de servicios profesionales es un acuerdo legal mediante el cual una persona (el cliente) contrata a otra persona (el profesional o prestador de servicios) para que realice ciertos trabajos o actividades espec\u00edficos, a cambio de una remuneraci\u00f3n. Este tipo de contrato es com\u00fan en diversas \u00e1reas, como la consultor\u00eda, la asesor\u00eda legal, la medicina, la ingenier\u00eda, entre otros.<\/span><\/p><h3>\u00a0<\/h3>\t\t\t\t\t\t\t\t<\/div>\n\t\t\t\t<\/div>\n\t\t\t\t<div class=\"elementor-element elementor-element-cd93dc4 elementor-widget elementor-widget-text-editor\" data-id=\"cd93dc4\" data-element_type=\"widget\" data-widget_type=\"text-editor.default\">\n\t\t\t\t<div class=\"elementor-widget-container\">\n\t\t\t\t\t\t\t\t\t<p style=\"text-align: center\"><span style=\"text-decoration: underline\"><strong><span style=\"color: #000000;text-decoration: underline\">Elaboramos tu contrato de mutuo.<\/span><\/strong><\/span><\/p><p><span style=\"color: #000000\">El contrato de mutuo es un acuerdo mediante el cual una persona (mutuante o prestamista) entrega a otra persona (mutuatario o prestatario) una cantidad de dinero u otros bienes fungibles (bienes que se consumen con su uso) con la obligaci\u00f3n de devolver una cantidad igual de la misma especie y calidad. Es uno de los contratos m\u00e1s comunes y se utiliza principalmente en las operaciones de pr\u00e9stamo y financiamiento.<\/span><\/p><h3>\u00a0<\/h3>\t\t\t\t\t\t\t\t<\/div>\n\t\t\t\t<\/div>\n\t\t\t\t\t<\/div>\n\t\t\t\t<\/div>\n\t\t<div class=\"elementor-element elementor-element-927b033 e-grid e-con-boxed e-con e-parent\" data-id=\"927b033\" data-element_type=\"container\">\n\t\t\t\t\t<div class=\"e-con-inner\">\n\t\t\t\t<div class=\"elementor-element elementor-element-66fe506 elementor-widget elementor-widget-heading\" data-id=\"66fe506\" data-element_type=\"widget\" data-widget_type=\"heading.default\">\n\t\t\t\t<div class=\"elementor-widget-container\">\n\t\t\t\t\t<h2 class=\"elementor-heading-title elementor-size-default\">CONTRATO DE COMPRA VENTA<\/h2>\t\t\t\t<\/div>\n\t\t\t\t<\/div>\n\t\t\t\t<div class=\"elementor-element elementor-element-eba9603 elementor-widget elementor-widget-heading\" data-id=\"eba9603\" data-element_type=\"widget\" data-widget_type=\"heading.default\">\n\t\t\t\t<div class=\"elementor-widget-container\">\n\t\t\t\t\t<h2 class=\"elementor-heading-title elementor-size-default\">INCUMPLIMIENTO DE CONTRATO<\/h2>\t\t\t\t<\/div>\n\t\t\t\t<\/div>\n\t\t\t\t<div class=\"elementor-element elementor-element-28d69d4 elementor-widget elementor-widget-heading\" data-id=\"28d69d4\" data-element_type=\"widget\" data-widget_type=\"heading.default\">\n\t\t\t\t<div class=\"elementor-widget-container\">\n\t\t\t\t\t<h2 class=\"elementor-heading-title elementor-size-default\"><h2 class=\"elementor-heading-title elementor-size-default elementor-inline-editing pen\" data-elementor-setting-key=\"title\" data-pen-placeholder=\"Teclea aqu\u00ed...\" style=\"font-family: var( --e-global-typography-primary-font-family ), Sans-serif;font-weight: var( --e-global-typography-primary-font-weight )\">ACCI\u00d3N REIVINDICATORIA<span style=\"font-family: var( --e-global-typography-primary-font-family ), Sans-serif;font-size: 2rem;font-weight: var( --e-global-typography-primary-font-weight )\"><\/span><\/h2><\/h2>\t\t\t\t<\/div>\n\t\t\t\t<\/div>\n\t\t\t\t\t<\/div>\n\t\t\t\t<\/div>\n\t\t<div class=\"elementor-element elementor-element-d1cf558 e-grid e-con-boxed e-con e-parent\" data-id=\"d1cf558\" data-element_type=\"container\">\n\t\t\t\t\t<div class=\"e-con-inner\">\n\t\t\t\t<div class=\"elementor-element elementor-element-1825f1e elementor-widget elementor-widget-text-editor\" data-id=\"1825f1e\" data-element_type=\"widget\" data-widget_type=\"text-editor.default\">\n\t\t\t\t<div class=\"elementor-widget-container\">\n\t\t\t\t\t\t\t\t\t<p style=\"text-align: center\"><strong><span style=\"text-decoration: underline\"><span style=\"color: #000000;text-decoration: underline\">Elaboramos tu contrato de compra venta.<\/span><\/span><\/strong><\/p><p><span style=\"color: #000000\">Un contrato de compraventa es un acuerdo legal mediante el cual una parte (el vendedor) se compromete a transferir la propiedad de un bien a otra parte (el comprador) a cambio de una compensaci\u00f3n econ\u00f3mica (el precio). Este tipo de contrato es fundamental en las transacciones comerciales y puede aplicarse a una amplia variedad de bienes, tanto muebles (como veh\u00edculos, maquinaria, etc.) como inmuebles (como terrenos, casas, departamentos, etc.).<\/span><\/p><h3>\u00a0<\/h3><h3>\u00a0<\/h3><h3>\u00a0<\/h3>\t\t\t\t\t\t\t\t<\/div>\n\t\t\t\t<\/div>\n\t\t\t\t<div class=\"elementor-element elementor-element-f2d6843 elementor-widget elementor-widget-text-editor\" data-id=\"f2d6843\" data-element_type=\"widget\" data-widget_type=\"text-editor.default\">\n\t\t\t\t<div class=\"elementor-widget-container\">\n\t\t\t\t\t\t\t\t\t<p style=\"text-align: center\"><strong><span style=\"text-decoration: underline\"><span style=\"color: #000000;text-decoration: underline\">Demandamos el incumplimiento de tus contratos para hacerlos valer.<\/span><\/span><\/strong><\/p><p><span style=\"color: #000000\">El incumplimiento de contrato ocurre cuando una de las partes en un acuerdo contractual no cumple con las obligaciones establecidas en el contrato. Este incumplimiento puede manifestarse de diferentes maneras, y las consecuencias y soluciones depender\u00e1n de la naturaleza del contrato y de las condiciones acordadas por las partes.<\/span><\/p><h3>\u00a0<\/h3>\t\t\t\t\t\t\t\t<\/div>\n\t\t\t\t<\/div>\n\t\t\t\t<div class=\"elementor-element elementor-element-8763c2b elementor-widget elementor-widget-text-editor\" data-id=\"8763c2b\" data-element_type=\"widget\" data-widget_type=\"text-editor.default\">\n\t\t\t\t<div class=\"elementor-widget-container\">\n\t\t\t\t\t\t\t\t\t<p>\u00a0<\/p><p><span style=\"color: #000000\">La acci\u00f3n reivindicatoria es un recurso legal mediante el cual una persona que afirma ser el leg\u00edtimo propietario de un bien inmueble (como una propiedad, terreno o edificio) puede solicitar judicialmente que se le restituya dicho bien de manos de quien lo posee indebidamente. Este tipo de acci\u00f3n es fundamental en el derecho civil para proteger y restablecer los derechos de propiedad.<\/span><\/p><h3>\u00a0<\/h3>\t\t\t\t\t\t\t\t<\/div>\n\t\t\t\t<\/div>\n\t\t\t\t\t<\/div>\n\t\t\t\t<\/div>\n\t\t<div class=\"elementor-element elementor-element-c3e1c63 e-grid e-con-boxed e-con e-parent\" data-id=\"c3e1c63\" data-element_type=\"container\">\n\t\t\t\t\t<div class=\"e-con-inner\">\n\t\t\t\t<div class=\"elementor-element elementor-element-5646cca elementor-widget elementor-widget-heading\" data-id=\"5646cca\" data-element_type=\"widget\" data-widget_type=\"heading.default\">\n\t\t\t\t<div class=\"elementor-widget-container\">\n\t\t\t\t\t<h2 class=\"elementor-heading-title elementor-size-default\">SERVIDUMBRE LEGAL DE PASO<\/h2>\t\t\t\t<\/div>\n\t\t\t\t<\/div>\n\t\t\t\t<div class=\"elementor-element elementor-element-79e5dfd elementor-widget elementor-widget-heading\" data-id=\"79e5dfd\" data-element_type=\"widget\" data-widget_type=\"heading.default\">\n\t\t\t\t<div class=\"elementor-widget-container\">\n\t\t\t\t\t<h2 class=\"elementor-heading-title elementor-size-default\">ACCI\u00d3N PROFORMA<\/h2>\t\t\t\t<\/div>\n\t\t\t\t<\/div>\n\t\t\t\t<div class=\"elementor-element elementor-element-6c8e4e8 elementor-widget elementor-widget-heading\" data-id=\"6c8e4e8\" data-element_type=\"widget\" data-widget_type=\"heading.default\">\n\t\t\t\t<div class=\"elementor-widget-container\">\n\t\t\t\t\t<h2 class=\"elementor-heading-title elementor-size-default\">PRESCRIPCI\u00d3N POSITIVA<\/h2>\t\t\t\t<\/div>\n\t\t\t\t<\/div>\n\t\t\t\t\t<\/div>\n\t\t\t\t<\/div>\n\t\t<div class=\"elementor-element elementor-element-9c88bf1 e-grid e-con-boxed e-con e-parent\" data-id=\"9c88bf1\" data-element_type=\"container\">\n\t\t\t\t\t<div class=\"e-con-inner\">\n\t\t\t\t<div class=\"elementor-element elementor-element-61208c6 elementor-widget elementor-widget-text-editor\" data-id=\"61208c6\" data-element_type=\"widget\" data-widget_type=\"text-editor.default\">\n\t\t\t\t<div class=\"elementor-widget-container\">\n\t\t\t\t\t\t\t\t\t<p style=\"text-align: center\"><strong><span style=\"text-decoration: underline\"><span style=\"color: #000000;text-decoration: underline\">Tramitamos la Servidumbre legal de paso.<\/span><\/span><\/strong><\/p><p><span style=\"color: #000000\">La servidumbre legal de paso es un derecho que se otorga a un propietario de un terreno que no tiene acceso a una v\u00eda p\u00fablica, permiti\u00e9ndole cruzar el terreno de otra persona para llegar a la v\u00eda p\u00fablica. Este derecho tiene como objetivo asegurar que todas las propiedades tengan acceso adecuado y no queden aisladas, lo que es fundamental para el uso y disfrute de la propiedad.<\/span><\/p><h3>\u00a0<\/h3><h3>\u00a0<\/h3>\t\t\t\t\t\t\t\t<\/div>\n\t\t\t\t<\/div>\n\t\t\t\t<div class=\"elementor-element elementor-element-5fc6612 elementor-widget elementor-widget-text-editor\" data-id=\"5fc6612\" data-element_type=\"widget\" data-widget_type=\"text-editor.default\">\n\t\t\t\t<div class=\"elementor-widget-container\">\n\t\t\t\t\t\t\t\t\t<div class=\"wDYxhc\" lang=\"es-MX\" data-md=\"61\"><div class=\"LGOjhe\" data-attrid=\"wa:\/description\" data-hveid=\"CCUQAA\"><span class=\"BxUVEf ILfuVd\" lang=\"es\" style=\"color: #000000\"><span class=\"hgKElc\">La acci\u00f3n proforma\u00a0tiene como finalidad lograr el cumplimiento de la obligaci\u00f3n a cargo de la demandada de dotar de la formalidad al acto jur\u00eddico traslativo de dominio, esto es, plasmar en escritura p\u00fablica el correspondiente contrato celebrado.<\/span><\/span><\/div><\/div><div class=\"g\"><div lang=\"es\" data-hveid=\"CCEQAA\" data-ved=\"2ahUKEwiFqKuP676KAxU8L0QIHcd4MscQFSgAegQIIRAA\"><div class=\"tF2Cxc\"><div class=\"yuRUbf\">\u00a0<\/div><\/div><\/div><\/div>\t\t\t\t\t\t\t\t<\/div>\n\t\t\t\t<\/div>\n\t\t\t\t<div class=\"elementor-element elementor-element-2b2ae9b elementor-widget elementor-widget-text-editor\" data-id=\"2b2ae9b\" data-element_type=\"widget\" data-widget_type=\"text-editor.default\">\n\t\t\t\t<div class=\"elementor-widget-container\">\n\t\t\t\t\t\t\t\t\t<p><span style=\"color: #000000\">La prescripci\u00f3n positiva, tambi\u00e9n conocida como usucapi\u00f3n, es un mecanismo legal mediante el cual una persona adquiere la propiedad de un bien inmueble (como una casa o un terreno) mediante la posesi\u00f3n continuada y pac\u00edfica del mismo durante un per\u00edodo de tiempo determinado, establecido por la ley. Este concepto es parte del derecho civil y busca regularizar situaciones donde una persona ha utilizado un bien de buena fe y como propietario por un tiempo prolongado.<\/span><\/p><h3>\u00a0<\/h3>\t\t\t\t\t\t\t\t<\/div>\n\t\t\t\t<\/div>\n\t\t\t\t\t<\/div>\n\t\t\t\t<\/div>\n\t\t<div class=\"elementor-element elementor-element-43811ea e-flex e-con-boxed e-con e-parent\" data-id=\"43811ea\" data-element_type=\"container\">\n\t\t\t\t\t<div class=\"e-con-inner\">\n\t\t\t\t<div class=\"elementor-element elementor-element-92d8f60 elementor-widget elementor-widget-text-editor\" data-id=\"92d8f60\" data-element_type=\"widget\" data-widget_type=\"text-editor.default\">\n\t\t\t\t<div class=\"elementor-widget-container\">\n\t\t\t\t\t\t\t\t\t<p><span style=\"color: #000000\">Es un placer poder brindarles nuestros servicios jur\u00eddicos que pueden ayudarle a resolver sus asuntos en materia Civil y proteger sus intereses.<\/span><\/p><p><span style=\"color: #000000\">Si desea contratar nuestros servicios jur\u00eddicios puede enviarnos un mensaje de WhatsApp <a href=\"https:\/\/api.whatsapp.com\/send?phone=+12878810851&amp;text=%C2%A1Hola%20Abogado%20Barrios!%20Necesito%20de%20su%20ayuda%20en%20un%20asunto%20Civil.\"><img decoding=\"async\" class=\"alignnone  wp-image-104\" src=\"https:\/\/abogadobarrios.com\/wp-content\/uploads\/2024\/11\/WhatsAppButtonGreenSmall-300x68.png\" alt=\"\" width=\"176\" height=\"40\" srcset=\"https:\/\/abogadobarriosmx.com\/wp-content\/uploads\/2024\/11\/WhatsAppButtonGreenSmall-300x68.png 300w, https:\/\/abogadobarriosmx.com\/wp-content\/uploads\/2024\/11\/WhatsAppButtonGreenSmall.png 320w\" sizes=\"(max-width: 176px) 100vw, 176px\" \/><\/a><br \/>o llamar al: 287 881 0851<\/span><\/p>\t\t\t\t\t\t\t\t<\/div>\n\t\t\t\t<\/div>\n\t\t\t\t\t<\/div>\n\t\t\t\t<\/div>\n\t\t\t\t<\/div>\n\t\t","protected":false},"excerpt":{"rendered":"<p>El derecho civil es una rama del derecho que regula las relaciones jur\u00eddicas entre personas, tanto personas f\u00edsicas como personas morales. Abarca una amplia gama de temas que incluyen el &#8230;<\/p>\n","protected":false},"author":1,"featured_media":0,"parent":0,"menu_order":0,"comment_status":"closed","ping_status":"closed","template":"template-fullwidth.php","meta":{"footnotes":""},"class_list":["post-677","page","type-page","status-publish","hentry"],"_links":{"self":[{"href":"https:\/\/abogadobarriosmx.com\/index.php?rest_route=\/wp\/v2\/pages\/677","targetHints":{"allow":["GET"]}}],"collection":[{"href":"https:\/\/abogadobarriosmx.com\/index.php?rest_route=\/wp\/v2\/pages"}],"about":[{"href":"https:\/\/abogadobarriosmx.com\/index.php?rest_route=\/wp\/v2\/types\/page"}],"author":[{"embeddable":true,"href":"https:\/\/abogadobarriosmx.com\/index.php?rest_route=\/wp\/v2\/users\/1"}],"replies":[{"embeddable":true,"href":"https:\/\/abogadobarriosmx.com\/index.php?rest_route=%2Fwp%2Fv2%2Fcomments&post=677"}],"version-history":[{"count":92,"href":"https:\/\/abogadobarriosmx.com\/index.php?rest_route=\/wp\/v2\/pages\/677\/revisions"}],"predecessor-version":[{"id":1168,"href":"https:\/\/abogadobarriosmx.com\/index.php?rest_route=\/wp\/v2\/pages\/677\/revisions\/1168"}],"wp:attachment":[{"href":"https:\/\/abogadobarriosmx.com\/index.php?rest_route=%2Fwp%2Fv2%2Fmedia&parent=677"}],"curies":[{"name":"wp","href":"https:\/\/api.w.org\/{rel}","templated":true}]}}