{"id":69,"date":"2024-10-29T18:18:11","date_gmt":"2024-10-29T18:18:11","guid":{"rendered":"https:\/\/abogadobarrios.com\/?page_id=69"},"modified":"2025-05-05T17:30:41","modified_gmt":"2025-05-05T17:30:41","slug":"trayectoria-academica","status":"publish","type":"page","link":"https:\/\/abogadobarriosmx.com\/?page_id=69","title":{"rendered":"TRAYECTORIA ACADEMICA"},"content":{"rendered":"\t\t<div data-elementor-type=\"wp-page\" data-elementor-id=\"69\" class=\"elementor elementor-69\">\n\t\t\t\t<div class=\"elementor-element elementor-element-54584dd2 e-flex e-con-boxed e-con e-parent\" data-id=\"54584dd2\" data-element_type=\"container\">\n\t\t\t\t\t<div class=\"e-con-inner\">\n\t\t\t\t<div class=\"elementor-element elementor-element-780fb4c5 elementor-widget elementor-widget-text-editor\" data-id=\"780fb4c5\" data-element_type=\"widget\" data-widget_type=\"text-editor.default\">\n\t\t\t\t<div class=\"elementor-widget-container\">\n\t\t\t\t\t\t\t\t\t<p><\/p>\n<div class=\"wp-block-columns is-layout-flex wp-container-core-columns-is-layout-9d6595d7 wp-block-columns-is-layout-flex\">\n<p><\/p>\n<div class=\"wp-block-column is-layout-flow wp-block-column-is-layout-flow\" style=\"flex-basis: 33.33%\">\n<p><div class=\"wp-block-image\"><\/p>\n<figure class=\"aligncenter size-large is-resized\"><img fetchpriority=\"high\" decoding=\"async\" width=\"768\" height=\"1024\" class=\"wp-image-143\" style=\"width: 153px;height: auto\" src=\"https:\/\/abogadobarrios.com\/wp-content\/uploads\/2024\/12\/468775575_2032001303926779_9102485993926702695_n-768x1024.jpg\" alt=\"\" srcset=\"https:\/\/abogadobarriosmx.com\/wp-content\/uploads\/2024\/12\/468775575_2032001303926779_9102485993926702695_n-768x1024.jpg 768w, https:\/\/abogadobarriosmx.com\/wp-content\/uploads\/2024\/12\/468775575_2032001303926779_9102485993926702695_n-225x300.jpg 225w, https:\/\/abogadobarriosmx.com\/wp-content\/uploads\/2024\/12\/468775575_2032001303926779_9102485993926702695_n-1152x1536.jpg 1152w, https:\/\/abogadobarriosmx.com\/wp-content\/uploads\/2024\/12\/468775575_2032001303926779_9102485993926702695_n-991x1321.jpg 991w, https:\/\/abogadobarriosmx.com\/wp-content\/uploads\/2024\/12\/468775575_2032001303926779_9102485993926702695_n.jpg 1500w\" sizes=\"(max-width: 768px) 100vw, 768px\" \/><\/figure>\n<p><\/div><\/p>\n<p><\/p>\n<h5 style=\"text-align: center\"><strong>LIC. JOS\u00c9 JUAN L\u00d3PEZ BARRIOS<\/strong><\/h5>\n<p><\/p>\n<\/div>\n<p><\/p>\n<p><\/p>\n<div class=\"wp-block-column is-layout-flow wp-block-column-is-layout-flow\" style=\"flex-basis: 66.66%\">\n<p><\/p>\n<p><\/p>\n<p><\/p>\n<p><span style=\"color: #000000\">Soy&nbsp;<span style=\"color: #008080\"><strong>Licenciado En Derecho<\/strong><\/span>&nbsp;con c\u00e9dula profesional: <strong><span style=\"text-decoration: underline\">14632574<\/span><\/strong><\/span><br><span style=\"color: #000000\">Egresado de la Universidad Virtual del Estado de Guanajuato (UVEG) en el a\u00f1o 2024.<\/span><\/p>\n<p><span style=\"color: #000000\">Actualmente me encuentro ampliando mis conocimientos estudiando el Posgrado de&nbsp;<span style=\"color: #008080\"><strong>Especialidad en Derecho Procesal Electoral<\/strong><\/span>&nbsp;en la Escuela Judicial Electoral.<br>Periodo: Abril 2025 &#8211;<\/span><\/p>\n<p><span style=\"color: #000000\">A continuaci\u00f3n, comparto constancias de capacitaciones de conferencias, cursos, talleres y diplomados que he estudiado en diversas materias jur\u00eddicas para ampliar m\u00e1s mi conocimiento:<\/span><\/p>\n<\/div>\n<\/div>\n<div class=\"wp-block-columns\">\n<p><\/p>\n<p><\/p>\n<div class=\"wp-block-column is-layout-flow wp-block-column-is-layout-flow\">&nbsp;<\/div>\n<p><\/p>\n<\/div>\n<p><\/p>\t\t\t\t\t\t\t\t<\/div>\n\t\t\t\t<\/div>\n\t\t\t\t\t<\/div>\n\t\t\t\t<\/div>\n\t\t<div class=\"elementor-element elementor-element-3eadea8 e-flex e-con-boxed e-con e-parent\" data-id=\"3eadea8\" data-element_type=\"container\">\n\t\t\t\t\t<div class=\"e-con-inner\">\n\t\t\t\t<div class=\"elementor-element elementor-element-fe8a995 elementor-widget elementor-widget-n-accordion\" data-id=\"fe8a995\" data-element_type=\"widget\" data-settings=\"{&quot;default_state&quot;:&quot;expanded&quot;,&quot;max_items_expended&quot;:&quot;one&quot;,&quot;n_accordion_animation_duration&quot;:{&quot;unit&quot;:&quot;ms&quot;,&quot;size&quot;:400,&quot;sizes&quot;:[]}}\" data-widget_type=\"nested-accordion.default\">\n\t\t\t\t<div class=\"elementor-widget-container\">\n\t\t\t\t\t\t\t<div class=\"e-n-accordion\" aria-label=\"Accordion. Open links with Enter or Space, close with Escape, and navigate with Arrow Keys\">\n\t\t\t\t\t\t<details id=\"e-n-accordion-item-2660\" class=\"e-n-accordion-item\" open>\n\t\t\t\t<summary class=\"e-n-accordion-item-title\" data-accordion-index=\"1\" tabindex=\"0\" aria-expanded=\"true\" aria-controls=\"e-n-accordion-item-2660\" >\n\t\t\t\t\t<span class='e-n-accordion-item-title-header'><div class=\"e-n-accordion-item-title-text\"> CONSTANCIAS A\u00d1O 2025 <\/div><\/span>\n\t\t\t\t\t\t\t<span class='e-n-accordion-item-title-icon'>\n\t\t\t<span class='e-opened' ><svg aria-hidden=\"true\" class=\"e-font-icon-svg e-fas-minus\" viewBox=\"0 0 448 512\" xmlns=\"http:\/\/www.w3.org\/2000\/svg\"><path d=\"M416 208H32c-17.67 0-32 14.33-32 32v32c0 17.67 14.33 32 32 32h384c17.67 0 32-14.33 32-32v-32c0-17.67-14.33-32-32-32z\"><\/path><\/svg><\/span>\n\t\t\t<span class='e-closed'><svg aria-hidden=\"true\" class=\"e-font-icon-svg e-fas-plus\" viewBox=\"0 0 448 512\" xmlns=\"http:\/\/www.w3.org\/2000\/svg\"><path d=\"M416 208H272V64c0-17.67-14.33-32-32-32h-32c-17.67 0-32 14.33-32 32v144H32c-17.67 0-32 14.33-32 32v32c0 17.67 14.33 32 32 32h144v144c0 17.67 14.33 32 32 32h32c17.67 0 32-14.33 32-32V304h144c17.67 0 32-14.33 32-32v-32c0-17.67-14.33-32-32-32z\"><\/path><\/svg><\/span>\n\t\t<\/span>\n\n\t\t\t\t\t\t<\/summary>\n\t\t\t\t<div role=\"region\" aria-labelledby=\"e-n-accordion-item-2660\" class=\"elementor-element elementor-element-5ae8af3 e-con-full e-flex e-con e-child\" data-id=\"5ae8af3\" data-element_type=\"container\">\n\t\t\t\t<div class=\"elementor-element elementor-element-4dbd1c5 e-n-tabs-mobile elementor-widget elementor-widget-n-tabs\" data-id=\"4dbd1c5\" data-element_type=\"widget\" data-settings=\"{&quot;horizontal_scroll&quot;:&quot;disable&quot;}\" data-widget_type=\"nested-tabs.default\">\n\t\t\t\t<div class=\"elementor-widget-container\">\n\t\t\t\t\t\t\t<div class=\"e-n-tabs\" data-widget-number=\"81514949\" aria-label=\"Pesta\u00f1as. Abre elementos con Intro o Espacio, ci\u00e9rralos con Escape y navega con las fechas.\">\n\t\t\t<div class=\"e-n-tabs-heading\" role=\"tablist\">\n\t\t\t\t\t<button id=\"e-n-tab-title-815149491\" data-tab-title-id=\"e-n-tab-title-815149491\" class=\"e-n-tab-title\" aria-selected=\"true\" data-tab-index=\"1\" role=\"tab\" tabindex=\"0\" aria-controls=\"e-n-tab-content-815149491\" style=\"--n-tabs-title-order: 1;\">\n\t\t\t\t\t\t<span class=\"e-n-tab-title-text\">\n\t\t\t\tENERO\t\t\t<\/span>\n\t\t<\/button>\n\t\t\t\t<button id=\"e-n-tab-title-815149492\" data-tab-title-id=\"e-n-tab-title-815149492\" class=\"e-n-tab-title\" aria-selected=\"false\" data-tab-index=\"2\" role=\"tab\" tabindex=\"-1\" aria-controls=\"e-n-tab-content-815149492\" style=\"--n-tabs-title-order: 2;\">\n\t\t\t\t\t\t<span class=\"e-n-tab-title-text\">\n\t\t\t\tFEBRERO\t\t\t<\/span>\n\t\t<\/button>\n\t\t\t\t<button id=\"e-n-tab-title-815149493\" data-tab-title-id=\"e-n-tab-title-815149493\" class=\"e-n-tab-title\" aria-selected=\"false\" data-tab-index=\"3\" role=\"tab\" tabindex=\"-1\" aria-controls=\"e-n-tab-content-815149493\" style=\"--n-tabs-title-order: 3;\">\n\t\t\t\t\t\t<span class=\"e-n-tab-title-text\">\n\t\t\t\tMARZO\t\t\t<\/span>\n\t\t<\/button>\n\t\t\t\t\t<\/div>\n\t\t\t<div class=\"e-n-tabs-content\">\n\t\t\t\t<div role=\"region tabpanel\" aria-labelledby=\"e-n-accordion-item-2660 e-n-tab-title-815149491\" id=\"e-n-tab-content-815149491\" data-tab-index=\"1\" style=\"--n-tabs-title-order: 1;\" class=\"e-active elementor-element elementor-element-57fa1b3 e-con-full e-flex e-con e-child\" data-id=\"57fa1b3\" data-element_type=\"container\">\n\t\t\t\t<\/div>\n\t\t<div role=\"region tabpanel\" aria-labelledby=\"e-n-accordion-item-2660 e-n-tab-title-815149492\" id=\"e-n-tab-content-815149492\" data-tab-index=\"2\" style=\"--n-tabs-title-order: 2;\" class=\" elementor-element elementor-element-0c860a2 e-con-full e-flex e-con e-child\" data-id=\"0c860a2\" data-element_type=\"container\">\n\t\t\t\t<div class=\"elementor-element elementor-element-9a6fd58 elementor-widget elementor-widget-image-gallery\" data-id=\"9a6fd58\" data-element_type=\"widget\" data-widget_type=\"image-gallery.default\">\n\t\t\t\t<div class=\"elementor-widget-container\">\n\t\t\t\t\t\t\t<div class=\"elementor-image-gallery\">\n\t\t\t<div id='gallery-1' class='gallery galleryid-69 gallery-columns-2 gallery-size-medium'><figure class='gallery-item'>\n\t\t\t<div class='gallery-icon landscape'>\n\t\t\t\t<a data-elementor-open-lightbox=\"yes\" data-elementor-lightbox-slideshow=\"9a6fd58\" data-elementor-lightbox-title=\"Inmatriculaci\u00f3n Administrativa\" data-e-action-hash=\"#elementor-action%3Aaction%3Dlightbox%26settings%3DeyJpZCI6ODkxLCJ1cmwiOiJodHRwczpcL1wvYWJvZ2Fkb2JhcnJpb3NteC5jb21cL3dwLWNvbnRlbnRcL3VwbG9hZHNcLzIwMjVcLzAzXC9Jbm1hdHJpY3VsYWNpb24tQWRtaW5pc3RyYXRpdmEuanBnIiwic2xpZGVzaG93IjoiOWE2ZmQ1OCJ9\" href='https:\/\/abogadobarriosmx.com\/wp-content\/uploads\/2025\/03\/Inmatriculacion-Administrativa.jpg'><img decoding=\"async\" width=\"300\" height=\"232\" src=\"https:\/\/abogadobarriosmx.com\/wp-content\/uploads\/2025\/03\/Inmatriculacion-Administrativa-300x232.jpg\" class=\"attachment-medium size-medium\" alt=\"\" srcset=\"https:\/\/abogadobarriosmx.com\/wp-content\/uploads\/2025\/03\/Inmatriculacion-Administrativa-300x232.jpg 300w, https:\/\/abogadobarriosmx.com\/wp-content\/uploads\/2025\/03\/Inmatriculacion-Administrativa-1024x791.jpg 1024w, https:\/\/abogadobarriosmx.com\/wp-content\/uploads\/2025\/03\/Inmatriculacion-Administrativa-768x593.jpg 768w, https:\/\/abogadobarriosmx.com\/wp-content\/uploads\/2025\/03\/Inmatriculacion-Administrativa-1536x1187.jpg 1536w, https:\/\/abogadobarriosmx.com\/wp-content\/uploads\/2025\/03\/Inmatriculacion-Administrativa.jpg 1650w\" sizes=\"(max-width: 300px) 100vw, 300px\" \/><\/a>\n\t\t\t<\/div><\/figure><figure class='gallery-item'>\n\t\t\t<div class='gallery-icon landscape'>\n\t\t\t\t<a data-elementor-open-lightbox=\"yes\" data-elementor-lightbox-slideshow=\"9a6fd58\" data-elementor-lightbox-title=\"Regularizaci\u00f3n de Predios Mediante Inmatriculaci\u00f3n y Prescripci\u00f3n\" data-e-action-hash=\"#elementor-action%3Aaction%3Dlightbox%26settings%3DeyJpZCI6ODkwLCJ1cmwiOiJodHRwczpcL1wvYWJvZ2Fkb2JhcnJpb3NteC5jb21cL3dwLWNvbnRlbnRcL3VwbG9hZHNcLzIwMjVcLzAzXC9SZWd1bGFyaXphY2lvbi1kZS1QcmVkaW9zLU1lZGlhbnRlLUlubWF0cmljdWxhY2lvbi15LVByZXNjcmlwY2lvbi5qcGciLCJzbGlkZXNob3ciOiI5YTZmZDU4In0%3D\" href='https:\/\/abogadobarriosmx.com\/wp-content\/uploads\/2025\/03\/Regularizacion-de-Predios-Mediante-Inmatriculacion-y-Prescripcion.jpg'><img decoding=\"async\" width=\"300\" height=\"232\" src=\"https:\/\/abogadobarriosmx.com\/wp-content\/uploads\/2025\/03\/Regularizacion-de-Predios-Mediante-Inmatriculacion-y-Prescripcion-300x232.jpg\" class=\"attachment-medium size-medium\" alt=\"\" srcset=\"https:\/\/abogadobarriosmx.com\/wp-content\/uploads\/2025\/03\/Regularizacion-de-Predios-Mediante-Inmatriculacion-y-Prescripcion-300x232.jpg 300w, https:\/\/abogadobarriosmx.com\/wp-content\/uploads\/2025\/03\/Regularizacion-de-Predios-Mediante-Inmatriculacion-y-Prescripcion-1024x791.jpg 1024w, https:\/\/abogadobarriosmx.com\/wp-content\/uploads\/2025\/03\/Regularizacion-de-Predios-Mediante-Inmatriculacion-y-Prescripcion-768x593.jpg 768w, https:\/\/abogadobarriosmx.com\/wp-content\/uploads\/2025\/03\/Regularizacion-de-Predios-Mediante-Inmatriculacion-y-Prescripcion-1536x1187.jpg 1536w, https:\/\/abogadobarriosmx.com\/wp-content\/uploads\/2025\/03\/Regularizacion-de-Predios-Mediante-Inmatriculacion-y-Prescripcion.jpg 1650w\" sizes=\"(max-width: 300px) 100vw, 300px\" \/><\/a>\n\t\t\t<\/div><\/figure>\n\t\t<\/div>\n\t\t<\/div>\n\t\t\t\t\t\t<\/div>\n\t\t\t\t<\/div>\n\t\t\t\t<\/div>\n\t\t<div role=\"region tabpanel\" aria-labelledby=\"e-n-accordion-item-2660 e-n-tab-title-815149493\" id=\"e-n-tab-content-815149493\" data-tab-index=\"3\" style=\"--n-tabs-title-order: 3;\" class=\" elementor-element elementor-element-2fc4eee e-con-full e-flex e-con e-child\" data-id=\"2fc4eee\" data-element_type=\"container\">\n\t\t\t\t<div class=\"elementor-element elementor-element-0afa288 elementor-widget elementor-widget-image-gallery\" data-id=\"0afa288\" data-element_type=\"widget\" data-widget_type=\"image-gallery.default\">\n\t\t\t\t<div class=\"elementor-widget-container\">\n\t\t\t\t\t\t\t<div class=\"elementor-image-gallery\">\n\t\t\t<div id='gallery-2' class='gallery galleryid-69 gallery-columns-3 gallery-size-medium'><figure class='gallery-item'>\n\t\t\t<div class='gallery-icon landscape'>\n\t\t\t\t<a data-elementor-open-lightbox=\"yes\" data-elementor-lightbox-slideshow=\"0afa288\" data-elementor-lightbox-title=\"jose juan lopez barrios_3374_178-im\u00e1genes-0\" data-e-action-hash=\"#elementor-action%3Aaction%3Dlightbox%26settings%3DeyJpZCI6ODUzLCJ1cmwiOiJodHRwczpcL1wvYWJvZ2Fkb2JhcnJpb3NteC5jb21cL3dwLWNvbnRlbnRcL3VwbG9hZHNcLzIwMjVcLzAzXC9qb3NlLWp1YW4tbG9wZXotYmFycmlvc18zMzc0XzE3OC1pbWFnZW5lcy0wLXNjYWxlZC5qcGciLCJzbGlkZXNob3ciOiIwYWZhMjg4In0%3D\" href='https:\/\/abogadobarriosmx.com\/wp-content\/uploads\/2025\/03\/jose-juan-lopez-barrios_3374_178-imagenes-0-scaled.jpg'><img loading=\"lazy\" decoding=\"async\" width=\"300\" height=\"232\" src=\"https:\/\/abogadobarriosmx.com\/wp-content\/uploads\/2025\/03\/jose-juan-lopez-barrios_3374_178-imagenes-0-300x232.jpg\" class=\"attachment-medium size-medium\" alt=\"\" srcset=\"https:\/\/abogadobarriosmx.com\/wp-content\/uploads\/2025\/03\/jose-juan-lopez-barrios_3374_178-imagenes-0-300x232.jpg 300w, https:\/\/abogadobarriosmx.com\/wp-content\/uploads\/2025\/03\/jose-juan-lopez-barrios_3374_178-imagenes-0-1024x791.jpg 1024w, https:\/\/abogadobarriosmx.com\/wp-content\/uploads\/2025\/03\/jose-juan-lopez-barrios_3374_178-imagenes-0-768x593.jpg 768w, https:\/\/abogadobarriosmx.com\/wp-content\/uploads\/2025\/03\/jose-juan-lopez-barrios_3374_178-imagenes-0-1536x1187.jpg 1536w, https:\/\/abogadobarriosmx.com\/wp-content\/uploads\/2025\/03\/jose-juan-lopez-barrios_3374_178-imagenes-0-2048x1583.jpg 2048w\" sizes=\"(max-width: 300px) 100vw, 300px\" \/><\/a>\n\t\t\t<\/div><\/figure><figure class='gallery-item'>\n\t\t\t<div class='gallery-icon landscape'>\n\t\t\t\t<a data-elementor-open-lightbox=\"yes\" data-elementor-lightbox-slideshow=\"0afa288\" data-elementor-lightbox-title=\"CONSTANCIA MEDIACI\u00d3N\" data-e-action-hash=\"#elementor-action%3Aaction%3Dlightbox%26settings%3DeyJpZCI6ODU1LCJ1cmwiOiJodHRwczpcL1wvYWJvZ2Fkb2JhcnJpb3NteC5jb21cL3dwLWNvbnRlbnRcL3VwbG9hZHNcLzIwMjVcLzAzXC9DT05TVEFOQ0lBLU1FRElBQ0lPTi5qcGciLCJzbGlkZXNob3ciOiIwYWZhMjg4In0%3D\" href='https:\/\/abogadobarriosmx.com\/wp-content\/uploads\/2025\/03\/CONSTANCIA-MEDIACION.jpg'><img loading=\"lazy\" decoding=\"async\" width=\"300\" height=\"232\" src=\"https:\/\/abogadobarriosmx.com\/wp-content\/uploads\/2025\/03\/CONSTANCIA-MEDIACION-300x232.jpg\" class=\"attachment-medium size-medium\" alt=\"\" srcset=\"https:\/\/abogadobarriosmx.com\/wp-content\/uploads\/2025\/03\/CONSTANCIA-MEDIACION-300x232.jpg 300w, https:\/\/abogadobarriosmx.com\/wp-content\/uploads\/2025\/03\/CONSTANCIA-MEDIACION-1024x791.jpg 1024w, https:\/\/abogadobarriosmx.com\/wp-content\/uploads\/2025\/03\/CONSTANCIA-MEDIACION-768x593.jpg 768w, https:\/\/abogadobarriosmx.com\/wp-content\/uploads\/2025\/03\/CONSTANCIA-MEDIACION-1536x1187.jpg 1536w, https:\/\/abogadobarriosmx.com\/wp-content\/uploads\/2025\/03\/CONSTANCIA-MEDIACION.jpg 1650w\" sizes=\"(max-width: 300px) 100vw, 300px\" \/><\/a>\n\t\t\t<\/div><\/figure><figure class='gallery-item'>\n\t\t\t<div class='gallery-icon landscape'>\n\t\t\t\t<a data-elementor-open-lightbox=\"yes\" data-elementor-lightbox-slideshow=\"0afa288\" data-elementor-lightbox-title=\"Remates Bancarios\" data-e-action-hash=\"#elementor-action%3Aaction%3Dlightbox%26settings%3DeyJpZCI6ODU2LCJ1cmwiOiJodHRwczpcL1wvYWJvZ2Fkb2JhcnJpb3NteC5jb21cL3dwLWNvbnRlbnRcL3VwbG9hZHNcLzIwMjVcLzAzXC9SZW1hdGVzLUJhbmNhcmlvcy5qcGciLCJzbGlkZXNob3ciOiIwYWZhMjg4In0%3D\" href='https:\/\/abogadobarriosmx.com\/wp-content\/uploads\/2025\/03\/Remates-Bancarios.jpg'><img loading=\"lazy\" decoding=\"async\" width=\"300\" height=\"232\" src=\"https:\/\/abogadobarriosmx.com\/wp-content\/uploads\/2025\/03\/Remates-Bancarios-300x232.jpg\" class=\"attachment-medium size-medium\" alt=\"\" srcset=\"https:\/\/abogadobarriosmx.com\/wp-content\/uploads\/2025\/03\/Remates-Bancarios-300x232.jpg 300w, https:\/\/abogadobarriosmx.com\/wp-content\/uploads\/2025\/03\/Remates-Bancarios-1024x791.jpg 1024w, https:\/\/abogadobarriosmx.com\/wp-content\/uploads\/2025\/03\/Remates-Bancarios-768x593.jpg 768w, https:\/\/abogadobarriosmx.com\/wp-content\/uploads\/2025\/03\/Remates-Bancarios-1536x1187.jpg 1536w, https:\/\/abogadobarriosmx.com\/wp-content\/uploads\/2025\/03\/Remates-Bancarios.jpg 1650w\" sizes=\"(max-width: 300px) 100vw, 300px\" \/><\/a>\n\t\t\t<\/div><\/figure>\n\t\t<\/div>\n\t\t<\/div>\n\t\t\t\t\t\t<\/div>\n\t\t\t\t<\/div>\n\t\t\t\t<div class=\"elementor-element elementor-element-fe9eb42 elementor-widget elementor-widget-image-gallery\" data-id=\"fe9eb42\" data-element_type=\"widget\" data-widget_type=\"image-gallery.default\">\n\t\t\t\t<div class=\"elementor-widget-container\">\n\t\t\t\t\t\t\t<div class=\"elementor-image-gallery\">\n\t\t\t<div id='gallery-3' class='gallery galleryid-69 gallery-columns-2 gallery-size-medium'><figure class='gallery-item'>\n\t\t\t<div class='gallery-icon landscape'>\n\t\t\t\t<a data-elementor-open-lightbox=\"yes\" data-elementor-lightbox-slideshow=\"fe9eb42\" data-elementor-lightbox-title=\"Regulaci\u00f3n de Predios Inmatriculaci\u00f3n\" data-e-action-hash=\"#elementor-action%3Aaction%3Dlightbox%26settings%3DeyJpZCI6ODc3LCJ1cmwiOiJodHRwczpcL1wvYWJvZ2Fkb2JhcnJpb3NteC5jb21cL3dwLWNvbnRlbnRcL3VwbG9hZHNcLzIwMjVcLzAzXC9SZWd1bGFjaW9uLWRlLVByZWRpb3MtSW5tYXRyaWN1bGFjaW9uLmpwZyIsInNsaWRlc2hvdyI6ImZlOWViNDIifQ%3D%3D\" href='https:\/\/abogadobarriosmx.com\/wp-content\/uploads\/2025\/03\/Regulacion-de-Predios-Inmatriculacion.jpg'><img loading=\"lazy\" decoding=\"async\" width=\"300\" height=\"232\" src=\"https:\/\/abogadobarriosmx.com\/wp-content\/uploads\/2025\/03\/Regulacion-de-Predios-Inmatriculacion-300x232.jpg\" class=\"attachment-medium size-medium\" alt=\"\" srcset=\"https:\/\/abogadobarriosmx.com\/wp-content\/uploads\/2025\/03\/Regulacion-de-Predios-Inmatriculacion-300x232.jpg 300w, https:\/\/abogadobarriosmx.com\/wp-content\/uploads\/2025\/03\/Regulacion-de-Predios-Inmatriculacion-1024x791.jpg 1024w, https:\/\/abogadobarriosmx.com\/wp-content\/uploads\/2025\/03\/Regulacion-de-Predios-Inmatriculacion-768x593.jpg 768w, https:\/\/abogadobarriosmx.com\/wp-content\/uploads\/2025\/03\/Regulacion-de-Predios-Inmatriculacion-1536x1187.jpg 1536w, https:\/\/abogadobarriosmx.com\/wp-content\/uploads\/2025\/03\/Regulacion-de-Predios-Inmatriculacion.jpg 1650w\" sizes=\"(max-width: 300px) 100vw, 300px\" \/><\/a>\n\t\t\t<\/div><\/figure><figure class='gallery-item'>\n\t\t\t<div class='gallery-icon landscape'>\n\t\t\t\t<a data-elementor-open-lightbox=\"yes\" data-elementor-lightbox-slideshow=\"fe9eb42\" data-elementor-lightbox-title=\"Proceso electoral y medios de impugnaci\u00f3n\" data-e-action-hash=\"#elementor-action%3Aaction%3Dlightbox%26settings%3DeyJpZCI6ODc2LCJ1cmwiOiJodHRwczpcL1wvYWJvZ2Fkb2JhcnJpb3NteC5jb21cL3dwLWNvbnRlbnRcL3VwbG9hZHNcLzIwMjVcLzAzXC9Qcm9jZXNvLWVsZWN0b3JhbC15LW1lZGlvcy1kZS1pbXB1Z25hY2lvbi5qcGciLCJzbGlkZXNob3ciOiJmZTllYjQyIn0%3D\" href='https:\/\/abogadobarriosmx.com\/wp-content\/uploads\/2025\/03\/Proceso-electoral-y-medios-de-impugnacion.jpg'><img loading=\"lazy\" decoding=\"async\" width=\"300\" height=\"232\" src=\"https:\/\/abogadobarriosmx.com\/wp-content\/uploads\/2025\/03\/Proceso-electoral-y-medios-de-impugnacion-300x232.jpg\" class=\"attachment-medium size-medium\" alt=\"\" srcset=\"https:\/\/abogadobarriosmx.com\/wp-content\/uploads\/2025\/03\/Proceso-electoral-y-medios-de-impugnacion-300x232.jpg 300w, https:\/\/abogadobarriosmx.com\/wp-content\/uploads\/2025\/03\/Proceso-electoral-y-medios-de-impugnacion-1024x791.jpg 1024w, https:\/\/abogadobarriosmx.com\/wp-content\/uploads\/2025\/03\/Proceso-electoral-y-medios-de-impugnacion-768x593.jpg 768w, https:\/\/abogadobarriosmx.com\/wp-content\/uploads\/2025\/03\/Proceso-electoral-y-medios-de-impugnacion-1536x1187.jpg 1536w, https:\/\/abogadobarriosmx.com\/wp-content\/uploads\/2025\/03\/Proceso-electoral-y-medios-de-impugnacion.jpg 1650w\" sizes=\"(max-width: 300px) 100vw, 300px\" \/><\/a>\n\t\t\t<\/div><\/figure>\n\t\t<\/div>\n\t\t<\/div>\n\t\t\t\t\t\t<\/div>\n\t\t\t\t<\/div>\n\t\t\t\t<\/div>\n\t\t\t\t\t<\/div>\n\t\t<\/div>\n\t\t\t\t\t\t<\/div>\n\t\t\t\t<\/div>\n\t\t\t\t<\/div>\n\t\t\t\t\t<\/details>\n\t\t\t\t\t\t<details id=\"e-n-accordion-item-2661\" class=\"e-n-accordion-item\" >\n\t\t\t\t<summary class=\"e-n-accordion-item-title\" data-accordion-index=\"2\" tabindex=\"-1\" aria-expanded=\"false\" aria-controls=\"e-n-accordion-item-2661\" >\n\t\t\t\t\t<span class='e-n-accordion-item-title-header'><div class=\"e-n-accordion-item-title-text\"> CONSTANCIAS A\u00d1O 2024 <\/div><\/span>\n\t\t\t\t\t\t\t<span class='e-n-accordion-item-title-icon'>\n\t\t\t<span class='e-opened' ><svg aria-hidden=\"true\" class=\"e-font-icon-svg e-fas-minus\" viewBox=\"0 0 448 512\" xmlns=\"http:\/\/www.w3.org\/2000\/svg\"><path d=\"M416 208H32c-17.67 0-32 14.33-32 32v32c0 17.67 14.33 32 32 32h384c17.67 0 32-14.33 32-32v-32c0-17.67-14.33-32-32-32z\"><\/path><\/svg><\/span>\n\t\t\t<span class='e-closed'><svg aria-hidden=\"true\" class=\"e-font-icon-svg e-fas-plus\" viewBox=\"0 0 448 512\" xmlns=\"http:\/\/www.w3.org\/2000\/svg\"><path d=\"M416 208H272V64c0-17.67-14.33-32-32-32h-32c-17.67 0-32 14.33-32 32v144H32c-17.67 0-32 14.33-32 32v32c0 17.67 14.33 32 32 32h144v144c0 17.67 14.33 32 32 32h32c17.67 0 32-14.33 32-32V304h144c17.67 0 32-14.33 32-32v-32c0-17.67-14.33-32-32-32z\"><\/path><\/svg><\/span>\n\t\t<\/span>\n\n\t\t\t\t\t\t<\/summary>\n\t\t\t\t<div role=\"region\" aria-labelledby=\"e-n-accordion-item-2661\" class=\"elementor-element elementor-element-446eadc e-con-full e-flex e-con e-child\" data-id=\"446eadc\" data-element_type=\"container\">\n\t\t\t\t<\/div>\n\t\t\t\t\t<\/details>\n\t\t\t\t\t\t<details id=\"e-n-accordion-item-2662\" class=\"e-n-accordion-item\" >\n\t\t\t\t<summary class=\"e-n-accordion-item-title\" data-accordion-index=\"3\" tabindex=\"-1\" aria-expanded=\"false\" aria-controls=\"e-n-accordion-item-2662\" >\n\t\t\t\t\t<span class='e-n-accordion-item-title-header'><div class=\"e-n-accordion-item-title-text\"> CONSTANCIAS A\u00d1O 2023 <\/div><\/span>\n\t\t\t\t\t\t\t<span class='e-n-accordion-item-title-icon'>\n\t\t\t<span class='e-opened' ><svg aria-hidden=\"true\" class=\"e-font-icon-svg e-fas-minus\" viewBox=\"0 0 448 512\" xmlns=\"http:\/\/www.w3.org\/2000\/svg\"><path d=\"M416 208H32c-17.67 0-32 14.33-32 32v32c0 17.67 14.33 32 32 32h384c17.67 0 32-14.33 32-32v-32c0-17.67-14.33-32-32-32z\"><\/path><\/svg><\/span>\n\t\t\t<span class='e-closed'><svg aria-hidden=\"true\" class=\"e-font-icon-svg e-fas-plus\" viewBox=\"0 0 448 512\" xmlns=\"http:\/\/www.w3.org\/2000\/svg\"><path d=\"M416 208H272V64c0-17.67-14.33-32-32-32h-32c-17.67 0-32 14.33-32 32v144H32c-17.67 0-32 14.33-32 32v32c0 17.67 14.33 32 32 32h144v144c0 17.67 14.33 32 32 32h32c17.67 0 32-14.33 32-32V304h144c17.67 0 32-14.33 32-32v-32c0-17.67-14.33-32-32-32z\"><\/path><\/svg><\/span>\n\t\t<\/span>\n\n\t\t\t\t\t\t<\/summary>\n\t\t\t\t<div role=\"region\" aria-labelledby=\"e-n-accordion-item-2662\" class=\"elementor-element elementor-element-424404b e-con-full e-flex e-con e-child\" data-id=\"424404b\" data-element_type=\"container\">\n\t\t\t\t<\/div>\n\t\t\t\t\t<\/details>\n\t\t\t\t\t\t<details id=\"e-n-accordion-item-2663\" class=\"e-n-accordion-item\" >\n\t\t\t\t<summary class=\"e-n-accordion-item-title\" data-accordion-index=\"4\" tabindex=\"-1\" aria-expanded=\"false\" aria-controls=\"e-n-accordion-item-2663\" >\n\t\t\t\t\t<span class='e-n-accordion-item-title-header'><div class=\"e-n-accordion-item-title-text\"> CONSTANCIAS A\u00d1O 2022 <\/div><\/span>\n\t\t\t\t\t\t\t<span class='e-n-accordion-item-title-icon'>\n\t\t\t<span class='e-opened' ><svg aria-hidden=\"true\" class=\"e-font-icon-svg e-fas-minus\" viewBox=\"0 0 448 512\" xmlns=\"http:\/\/www.w3.org\/2000\/svg\"><path d=\"M416 208H32c-17.67 0-32 14.33-32 32v32c0 17.67 14.33 32 32 32h384c17.67 0 32-14.33 32-32v-32c0-17.67-14.33-32-32-32z\"><\/path><\/svg><\/span>\n\t\t\t<span class='e-closed'><svg aria-hidden=\"true\" class=\"e-font-icon-svg e-fas-plus\" viewBox=\"0 0 448 512\" xmlns=\"http:\/\/www.w3.org\/2000\/svg\"><path d=\"M416 208H272V64c0-17.67-14.33-32-32-32h-32c-17.67 0-32 14.33-32 32v144H32c-17.67 0-32 14.33-32 32v32c0 17.67 14.33 32 32 32h144v144c0 17.67 14.33 32 32 32h32c17.67 0 32-14.33 32-32V304h144c17.67 0 32-14.33 32-32v-32c0-17.67-14.33-32-32-32z\"><\/path><\/svg><\/span>\n\t\t<\/span>\n\n\t\t\t\t\t\t<\/summary>\n\t\t\t\t<div role=\"region\" aria-labelledby=\"e-n-accordion-item-2663\" class=\"elementor-element elementor-element-8d78b37 e-flex e-con-boxed e-con e-child\" data-id=\"8d78b37\" data-element_type=\"container\">\n\t\t\t\t\t<div class=\"e-con-inner\">\n\t\t\t\t\t<\/div>\n\t\t\t\t<\/div>\n\t\t\t\t\t<\/details>\n\t\t\t\t\t<\/div>\n\t\t\t\t\t\t<\/div>\n\t\t\t\t<\/div>\n\t\t\t\t\t<\/div>\n\t\t\t\t<\/div>\n\t\t\t\t<\/div>\n\t\t","protected":false},"excerpt":{"rendered":"<p>LIC. JOS\u00c9 JUAN L\u00d3PEZ BARRIOS Soy&nbsp;Licenciado En Derecho&nbsp;con c\u00e9dula profesional: 14632574Egresado de la Universidad Virtual del Estado de Guanajuato (UVEG) en el a\u00f1o 2024. Actualmente me encuentro ampliando mis conocimientos &#8230;<\/p>\n","protected":false},"author":1,"featured_media":0,"parent":0,"menu_order":0,"comment_status":"closed","ping_status":"closed","template":"template-fullwidth.php","meta":{"footnotes":""},"class_list":["post-69","page","type-page","status-publish","hentry"],"_links":{"self":[{"href":"https:\/\/abogadobarriosmx.com\/index.php?rest_route=\/wp\/v2\/pages\/69","targetHints":{"allow":["GET"]}}],"collection":[{"href":"https:\/\/abogadobarriosmx.com\/index.php?rest_route=\/wp\/v2\/pages"}],"about":[{"href":"https:\/\/abogadobarriosmx.com\/index.php?rest_route=\/wp\/v2\/types\/page"}],"author":[{"embeddable":true,"href":"https:\/\/abogadobarriosmx.com\/index.php?rest_route=\/wp\/v2\/users\/1"}],"replies":[{"embeddable":true,"href":"https:\/\/abogadobarriosmx.com\/index.php?rest_route=%2Fwp%2Fv2%2Fcomments&post=69"}],"version-history":[{"count":80,"href":"https:\/\/abogadobarriosmx.com\/index.php?rest_route=\/wp\/v2\/pages\/69\/revisions"}],"predecessor-version":[{"id":906,"href":"https:\/\/abogadobarriosmx.com\/index.php?rest_route=\/wp\/v2\/pages\/69\/revisions\/906"}],"wp:attachment":[{"href":"https:\/\/abogadobarriosmx.com\/index.php?rest_route=%2Fwp%2Fv2%2Fmedia&parent=69"}],"curies":[{"name":"wp","href":"https:\/\/api.w.org\/{rel}","templated":true}]}}